{"id":902,"date":"2026-04-20T12:47:01","date_gmt":"2026-04-20T12:47:01","guid":{"rendered":"https:\/\/orl-ks.org\/?page_id=902"},"modified":"2026-04-20T12:47:01","modified_gmt":"2026-04-20T12:47:01","slug":"prof-ozgur-yigit-md","status":"publish","type":"page","link":"https:\/\/orl-ks.org\/sq\/prof-ozgur-yigit-md\/","title":{"rendered":"Prof. \u00d6zg\u00fcr Yi\u011fit, MD"},"content":{"rendered":"<div class=\"wpb-content-wrapper\">\n<section class=\"vc_row wpb_row vc_row-fluid\">\n\t\t<div class=\"row\">\n            <div class=\"wpb_column vc_column_container col-sm-3\">\n                <div class=\"wpb_wrapper\">\n\n\t<div  class=\"wpb_single_image wpb_content_element vc_align_left\">\n\t\t\n\t\t<figure class=\"wpb_wrapper vc_figure\">\n\t\t\t<div class=\"vc_single_image-wrapper   vc_box_border_grey\"><img loading=\"lazy\" decoding=\"async\" width=\"247\" height=\"245\" src=\"https:\/\/orl-ks.org\/wp-content\/uploads\/2026\/04\/Ozgur-Yigit.png\" class=\"vc_single_image-img attachment-medium\" alt=\"\" title=\"\u00d6zg\u00fcr Yi\u011fit\" srcset=\"https:\/\/orl-ks.org\/wp-content\/uploads\/2026\/04\/Ozgur-Yigit.png 247w, https:\/\/orl-ks.org\/wp-content\/uploads\/2026\/04\/Ozgur-Yigit-150x150.png 150w, https:\/\/orl-ks.org\/wp-content\/uploads\/2026\/04\/Ozgur-Yigit-12x12.png 12w\" sizes=\"auto, (max-width: 247px) 100vw, 247px\" \/><\/div>\n\t\t<\/figure>\n\t<\/div>\n\n                <\/div>\n            <\/div>\n            <div class=\"wpb_column vc_column_container col-sm-9\">\n                <div class=\"wpb_wrapper\">\n\n\t<div class=\"wpb_text_column wpb_content_element\" >\n\t\t<div class=\"wpb_wrapper\">\n\t\t\t<p><span style=\"color: #000080;\"><strong>Prof. \u00d6zg\u00fcr Yi\u011fit, MD<\/strong>, is currently the Coordinator Chief of Physician and Chief of the Otorhinolaryngology Clinic at the University of Health Sciences, \u00c7am and Sakura City Hospital. He is the current General Secretary of the Turkish ORL-HNS Society and the Central and West Asian ORL-HNS Associations. He is the President of the upcoming International Federation of ORL Societies Congress (IFOS 2026). He is especially experienced in the fields of Otology-Neurotology.<\/span><\/p>\n\n\t\t<\/div>\n\t<\/div>\n\n                <\/div>\n            <\/div>\n\t\t<\/div>\n<\/section>\n\n\n<\/div>","protected":false},"excerpt":{"rendered":"Prof. \u00d6zg\u00fcr Yi\u011fit, MD, is currently the Coordinator Chief of Physician and Chief of the Otorhinolaryngology Clinic at the University of Health Sciences, \u00c7am and Sakura City Hospital. He is the current General Secretary of the Turkish ORL-HNS Society and the Central and West Asian ORL-HNS Associations. He is the President of the upcoming International [...]","protected":false},"author":2,"featured_media":0,"parent":0,"menu_order":0,"comment_status":"closed","ping_status":"closed","template":"","meta":{"footnotes":""},"class_list":["post-902","page","type-page","status-publish","hentry"],"_links":{"self":[{"href":"https:\/\/orl-ks.org\/sq\/wp-json\/wp\/v2\/pages\/902","targetHints":{"allow":["GET"]}}],"collection":[{"href":"https:\/\/orl-ks.org\/sq\/wp-json\/wp\/v2\/pages"}],"about":[{"href":"https:\/\/orl-ks.org\/sq\/wp-json\/wp\/v2\/types\/page"}],"author":[{"embeddable":true,"href":"https:\/\/orl-ks.org\/sq\/wp-json\/wp\/v2\/users\/2"}],"replies":[{"embeddable":true,"href":"https:\/\/orl-ks.org\/sq\/wp-json\/wp\/v2\/comments?post=902"}],"version-history":[{"count":1,"href":"https:\/\/orl-ks.org\/sq\/wp-json\/wp\/v2\/pages\/902\/revisions"}],"predecessor-version":[{"id":904,"href":"https:\/\/orl-ks.org\/sq\/wp-json\/wp\/v2\/pages\/902\/revisions\/904"}],"wp:attachment":[{"href":"https:\/\/orl-ks.org\/sq\/wp-json\/wp\/v2\/media?parent=902"}],"curies":[{"name":"wp","href":"https:\/\/api.w.org\/{rel}","templated":true}]}}