{"id":872,"date":"2026-04-20T11:41:07","date_gmt":"2026-04-20T11:41:07","guid":{"rendered":"https:\/\/orl-ks.org\/?page_id=872"},"modified":"2026-04-20T11:41:07","modified_gmt":"2026-04-20T11:41:07","slug":"prof-dr-mustafa-karabulut","status":"publish","type":"page","link":"https:\/\/orl-ks.org\/sq\/prof-dr-mustafa-karabulut\/","title":{"rendered":"Prof. Dr. Mustafa Karabulut"},"content":{"rendered":"<div class=\"wpb-content-wrapper\">\n<section class=\"vc_row wpb_row vc_row-fluid\">\n\t\t<div class=\"row\">\n            <div class=\"wpb_column vc_column_container col-sm-3\">\n                <div class=\"wpb_wrapper\">\n\n\t<div  class=\"wpb_single_image wpb_content_element vc_align_left\">\n\t\t\n\t\t<figure class=\"wpb_wrapper vc_figure\">\n\t\t\t<div class=\"vc_single_image-wrapper   vc_box_border_grey\"><img loading=\"lazy\" decoding=\"async\" width=\"200\" height=\"300\" src=\"https:\/\/orl-ks.org\/wp-content\/uploads\/2026\/04\/Mustafa-Karabulut-photo-200x300.jpg\" class=\"vc_single_image-img attachment-medium\" alt=\"\" title=\"Mustafa Karabulut-photo\" srcset=\"https:\/\/orl-ks.org\/wp-content\/uploads\/2026\/04\/Mustafa-Karabulut-photo-200x300.jpg 200w, https:\/\/orl-ks.org\/wp-content\/uploads\/2026\/04\/Mustafa-Karabulut-photo-681x1024.jpg 681w, https:\/\/orl-ks.org\/wp-content\/uploads\/2026\/04\/Mustafa-Karabulut-photo-768x1155.jpg 768w, https:\/\/orl-ks.org\/wp-content\/uploads\/2026\/04\/Mustafa-Karabulut-photo-1022x1536.jpg 1022w, https:\/\/orl-ks.org\/wp-content\/uploads\/2026\/04\/Mustafa-Karabulut-photo-8x12.jpg 8w, https:\/\/orl-ks.org\/wp-content\/uploads\/2026\/04\/Mustafa-Karabulut-photo.jpg 1065w\" sizes=\"auto, (max-width: 200px) 100vw, 200px\" \/><\/div>\n\t\t<\/figure>\n\t<\/div>\n\n                <\/div>\n            <\/div>\n            <div class=\"wpb_column vc_column_container col-sm-9\">\n                <div class=\"wpb_wrapper\">\n\n\t<div class=\"wpb_text_column wpb_content_element\" >\n\t\t<div class=\"wpb_wrapper\">\n\t\t\t<p><span style=\"color: #000080;\"><strong>Prof. Dr. Mustafa Karabulut<\/strong> was born on October 23, 1994, in Aksaray, T\u00fcrkiye. He received his Bachelor of Science degree in Audiology from Hacettepe University, Ankara in 2016. Between 2016 and 2019, Karabulut completed his Master of Science in Audiology at Hacettepe University, Ankara, T\u00fcrkiye. During this period, he developed a particular interest in vestibular medicine. In 2017, he was awarded a national scholarship by the Turkish Ministry of National Education to pursue graduate-level academic training abroad. From 2017 to 2019, he also worked as a research assistant at Ankara Y\u0131ld\u0131r\u0131m Beyaz\u0131t University. As part of the scholarship program, after resigning from this position, he received six months of English language education at Kent State University in Ohio, United States of America in 2019. Motivated by his growing academic interest in vestibular sciences, Karabulut began his PhD in 2020 at Maastricht University Medical Center (MUMC+), Maastricht, Netherlands under the supervision of Prof. Dr. Raymond van de Berg. His doctoral research focused on chronic unilateral vestibular hypofunction, investigating its symptomatology, etiologies, clinical subtypes, diagnostic challenges, and impact on quality of life. During his PhD, he actively contributed to research, teaching, and student mentoring, and presented his work at numerous national and international scientific conferences. Karabulut\u2019s academic journey reflects a sustained commitment to vestibular science and a broader aim of improving clinical understanding and care for patients with balance disorders. He will soon join the Department of Audiology at \u00c7ukurova University as an Assistant Professor.<\/span><\/p>\n\n\t\t<\/div>\n\t<\/div>\n\n                <\/div>\n            <\/div>\n\t\t<\/div>\n<\/section>\n\n\n<\/div>","protected":false},"excerpt":{"rendered":"Prof. Dr. Mustafa Karabulut was born on October 23, 1994, in Aksaray, T\u00fcrkiye. He received his Bachelor of Science degree in Audiology from Hacettepe University, Ankara in 2016. Between 2016 and 2019, Karabulut completed his Master of Science in Audiology at Hacettepe University, Ankara, T\u00fcrkiye. During this period, he developed a particular interest in vestibular [...]","protected":false},"author":2,"featured_media":0,"parent":0,"menu_order":0,"comment_status":"closed","ping_status":"closed","template":"","meta":{"footnotes":""},"class_list":["post-872","page","type-page","status-publish","hentry"],"_links":{"self":[{"href":"https:\/\/orl-ks.org\/sq\/wp-json\/wp\/v2\/pages\/872","targetHints":{"allow":["GET"]}}],"collection":[{"href":"https:\/\/orl-ks.org\/sq\/wp-json\/wp\/v2\/pages"}],"about":[{"href":"https:\/\/orl-ks.org\/sq\/wp-json\/wp\/v2\/types\/page"}],"author":[{"embeddable":true,"href":"https:\/\/orl-ks.org\/sq\/wp-json\/wp\/v2\/users\/2"}],"replies":[{"embeddable":true,"href":"https:\/\/orl-ks.org\/sq\/wp-json\/wp\/v2\/comments?post=872"}],"version-history":[{"count":1,"href":"https:\/\/orl-ks.org\/sq\/wp-json\/wp\/v2\/pages\/872\/revisions"}],"predecessor-version":[{"id":874,"href":"https:\/\/orl-ks.org\/sq\/wp-json\/wp\/v2\/pages\/872\/revisions\/874"}],"wp:attachment":[{"href":"https:\/\/orl-ks.org\/sq\/wp-json\/wp\/v2\/media?parent=872"}],"curies":[{"name":"wp","href":"https:\/\/api.w.org\/{rel}","templated":true}]}}