{"id":868,"date":"2026-04-20T11:32:17","date_gmt":"2026-04-20T11:32:17","guid":{"rendered":"https:\/\/orl-ks.org\/?page_id=868"},"modified":"2026-04-20T11:32:17","modified_gmt":"2026-04-20T11:32:17","slug":"prof-dr-ibrahim-hizalan","status":"publish","type":"page","link":"https:\/\/orl-ks.org\/sq\/prof-dr-ibrahim-hizalan\/","title":{"rendered":"Prof. Dr. Ibrahim Hizalan"},"content":{"rendered":"<div class=\"wpb-content-wrapper\">\n<section class=\"vc_row wpb_row vc_row-fluid\">\n\t\t<div class=\"row\">\n            <div class=\"wpb_column vc_column_container col-sm-3\">\n                <div class=\"wpb_wrapper\">\n\n\t<div  class=\"wpb_single_image wpb_content_element vc_align_left\">\n\t\t\n\t\t<figure class=\"wpb_wrapper vc_figure\">\n\t\t\t<div class=\"vc_single_image-wrapper   vc_box_border_grey\"><img loading=\"lazy\" decoding=\"async\" width=\"204\" height=\"300\" src=\"https:\/\/orl-ks.org\/wp-content\/uploads\/2026\/04\/Foto-Ibrahim-Hizalan-204x300.jpg\" class=\"vc_single_image-img attachment-medium\" alt=\"\" title=\"Foto - Ibrahim Hizalan\" srcset=\"https:\/\/orl-ks.org\/wp-content\/uploads\/2026\/04\/Foto-Ibrahim-Hizalan-204x300.jpg 204w, https:\/\/orl-ks.org\/wp-content\/uploads\/2026\/04\/Foto-Ibrahim-Hizalan-696x1024.jpg 696w, https:\/\/orl-ks.org\/wp-content\/uploads\/2026\/04\/Foto-Ibrahim-Hizalan-768x1130.jpg 768w, https:\/\/orl-ks.org\/wp-content\/uploads\/2026\/04\/Foto-Ibrahim-Hizalan-1044x1536.jpg 1044w, https:\/\/orl-ks.org\/wp-content\/uploads\/2026\/04\/Foto-Ibrahim-Hizalan-8x12.jpg 8w, https:\/\/orl-ks.org\/wp-content\/uploads\/2026\/04\/Foto-Ibrahim-Hizalan.jpg 1087w\" sizes=\"auto, (max-width: 204px) 100vw, 204px\" \/><\/div>\n\t\t<\/figure>\n\t<\/div>\n\n                <\/div>\n            <\/div>\n            <div class=\"wpb_column vc_column_container col-sm-9\">\n                <div class=\"wpb_wrapper\">\n\n\t<div class=\"wpb_text_column wpb_content_element\" >\n\t\t<div class=\"wpb_wrapper\">\n\t\t\t<p><span style=\"color: #000080;\"><strong>Prof. Dr. Ibrahim Hizalan<\/strong> graduated from Istanbul University Cerrahpa\u015fa Faculty of Medicine. He subsequently joined Bursa Uluda\u011f University, where he served on the faculty for 37 years until his retirement.<\/span><br \/>\n<span style=\"color: #000080;\">Throughout his career, Dr. H\u0131zalan has been actively involved in professional organizations at both national and international levels. He was a member of the Steering Committee of the European Academy of Otology and Neurotology (EAONO) and served as President of the Bursa Society of Otorhinolaryngology\u2013Head and Neck Surgery, Chair of the Turkish Board of ORL-HNS, and President of the Balkan Association of ORL-HNS. He has delivered more than 50 instructional courses and invited lectures at international scientific meetings and holds several honorary memberships in professional societies.<\/span><br \/>\n<span style=\"color: #000080;\">His academic work has focused primarily on otology and pediatric otorhinolaryngology, with particular emphasis on education and the dissemination of surgical knowledge.<\/span><\/p>\n\n\t\t<\/div>\n\t<\/div>\n\n                <\/div>\n            <\/div>\n\t\t<\/div>\n<\/section>\n\n\n<\/div>","protected":false},"excerpt":{"rendered":"Prof. Dr. Ibrahim Hizalan graduated from Istanbul University Cerrahpa\u015fa Faculty of Medicine. He subsequently joined Bursa Uluda\u011f University, where he served on the faculty for 37 years until his retirement. Throughout his career, Dr. H\u0131zalan has been actively involved in professional organizations at both national and international levels. He was a member of the Steering [...]","protected":false},"author":2,"featured_media":0,"parent":0,"menu_order":0,"comment_status":"closed","ping_status":"closed","template":"","meta":{"footnotes":""},"class_list":["post-868","page","type-page","status-publish","hentry"],"_links":{"self":[{"href":"https:\/\/orl-ks.org\/sq\/wp-json\/wp\/v2\/pages\/868","targetHints":{"allow":["GET"]}}],"collection":[{"href":"https:\/\/orl-ks.org\/sq\/wp-json\/wp\/v2\/pages"}],"about":[{"href":"https:\/\/orl-ks.org\/sq\/wp-json\/wp\/v2\/types\/page"}],"author":[{"embeddable":true,"href":"https:\/\/orl-ks.org\/sq\/wp-json\/wp\/v2\/users\/2"}],"replies":[{"embeddable":true,"href":"https:\/\/orl-ks.org\/sq\/wp-json\/wp\/v2\/comments?post=868"}],"version-history":[{"count":1,"href":"https:\/\/orl-ks.org\/sq\/wp-json\/wp\/v2\/pages\/868\/revisions"}],"predecessor-version":[{"id":870,"href":"https:\/\/orl-ks.org\/sq\/wp-json\/wp\/v2\/pages\/868\/revisions\/870"}],"wp:attachment":[{"href":"https:\/\/orl-ks.org\/sq\/wp-json\/wp\/v2\/media?parent=868"}],"curies":[{"name":"wp","href":"https:\/\/api.w.org\/{rel}","templated":true}]}}