{"id":861,"date":"2026-04-20T11:26:09","date_gmt":"2026-04-20T11:26:09","guid":{"rendered":"https:\/\/orl-ks.org\/?page_id=861"},"modified":"2026-04-20T12:51:30","modified_gmt":"2026-04-20T12:51:30","slug":"speakers-14th-balkan-congr3ess-of-orl-hns","status":"publish","type":"page","link":"https:\/\/orl-ks.org\/sq\/speakers-14th-balkan-congr3ess-of-orl-hns\/","title":{"rendered":"Speakers &#8211; 14th Balkan Congr3ess of ORL &#038; HNS"},"content":{"rendered":"<div class=\"wpb-content-wrapper\"><section class=\"vc_row wpb_row vc_row-fluid\">\n\t\t<div class=\"row\">\n            <div class=\"wpb_column vc_column_container col-sm-3\">\n                <div class=\"wpb_wrapper\">\n\n\t<div  class=\"wpb_single_image wpb_content_element vc_align_left\">\n\t\t\n\t\t<figure class=\"wpb_wrapper vc_figure\">\n\t\t\t<a href=\"https:\/\/orl-ks.org\/sq\/prof-dr-rusmir-arslanagic\/\" target=\"_self\" class=\"vc_single_image-wrapper   vc_box_border_grey\"><img decoding=\"async\" class=\"vc_single_image-img\" src=\"https:\/\/orl-ks.org\/wp-content\/uploads\/2026\/04\/Rusmir-foto-250x250.jpg\" width=\"250\" height=\"250\" alt=\"Rusmir foto\" title=\"Rusmir foto\" loading=\"lazy\" \/><\/a>\n\t\t<\/figure>\n\t<\/div>\n\n\t<div class=\"wpb_text_column wpb_content_element\" >\n\t\t<div class=\"wpb_wrapper\">\n\t\t\t<p style=\"text-align: center;\"><span style=\"color: #000000;\"><a style=\"color: #000000;\" href=\"https:\/\/orl-ks.org\/sq\/prof-dr-rusmir-arslanagic\/\"><strong>Rusmir Arslanagic<\/strong><\/a><\/span><\/p>\n\n\t\t<\/div>\n\t<\/div>\n\n                <\/div>\n            <\/div>\n            <div class=\"wpb_column vc_column_container col-sm-3\">\n                <div class=\"wpb_wrapper\">\n\n\t<div  class=\"wpb_single_image wpb_content_element vc_align_left\">\n\t\t\n\t\t<figure class=\"wpb_wrapper vc_figure\">\n\t\t\t<a href=\"https:\/\/orl-ks.org\/sq\/prof-yildirim-a-bayazit-md\/\" target=\"_self\" class=\"vc_single_image-wrapper   vc_box_border_grey\"><img decoding=\"async\" class=\"vc_single_image-img\" src=\"https:\/\/orl-ks.org\/wp-content\/uploads\/2026\/04\/Bayazit-Yildrim-250x250.bmp\" width=\"250\" height=\"250\" alt=\"Bayazit Yildrim\" title=\"Bayazit Yildrim\" loading=\"lazy\" \/><\/a>\n\t\t<\/figure>\n\t<\/div>\n\n\t<div class=\"wpb_text_column wpb_content_element\" >\n\t\t<div class=\"wpb_wrapper\">\n\t\t\t<p style=\"text-align: center;\"><span style=\"color: #000000;\"><a style=\"color: #000000;\" href=\"https:\/\/orl-ks.org\/sq\/prof-yildirim-a-bayazit-md\/\"><strong>Y\u0131ld\u0131r\u0131m A. Bayaz\u0131t<\/strong><\/a><\/span><\/p>\n\n\t\t<\/div>\n\t<\/div>\n\n                <\/div>\n            <\/div>\n            <div class=\"wpb_column vc_column_container col-sm-3\">\n                <div class=\"wpb_wrapper\">\n\n\t<div  class=\"wpb_single_image wpb_content_element vc_align_left\">\n\t\t\n\t\t<figure class=\"wpb_wrapper vc_figure\">\n\t\t\t<a href=\"https:\/\/orl-ks.org\/sq\/prof-dr-banu-atalay-erdogan\/\" target=\"_self\" class=\"vc_single_image-wrapper   vc_box_border_grey\"><img decoding=\"async\" class=\"vc_single_image-img\" src=\"https:\/\/orl-ks.org\/wp-content\/uploads\/2026\/04\/Banu-Atalay-Erdogan-250x250.jpg\" width=\"250\" height=\"250\" alt=\"Banu Atalay Erdogan\" title=\"Banu Atalay Erdogan\" loading=\"lazy\" \/><\/a>\n\t\t<\/figure>\n\t<\/div>\n\n\t<div class=\"wpb_text_column wpb_content_element\" >\n\t\t<div class=\"wpb_wrapper\">\n\t\t\t<p style=\"text-align: center;\"><span style=\"color: #000000;\"><a style=\"color: #000000;\" href=\"https:\/\/orl-ks.org\/sq\/prof-dr-banu-atalay-erdogan\/\"><strong>Banu Atalay Erdo\u011fan<\/strong><\/a><\/span><\/p>\n\n\t\t<\/div>\n\t<\/div>\n\n                <\/div>\n            <\/div>\n            <div class=\"wpb_column vc_column_container col-sm-3\">\n                <div class=\"wpb_wrapper\">\n\n\t<div  class=\"wpb_single_image wpb_content_element vc_align_left\">\n\t\t\n\t\t<figure class=\"wpb_wrapper vc_figure\">\n\t\t\t<a href=\"https:\/\/orl-ks.org\/sq\/prof-dr-ibrahim-hizalan\/\" target=\"_self\" class=\"vc_single_image-wrapper   vc_box_border_grey\"><img decoding=\"async\" class=\"vc_single_image-img\" src=\"https:\/\/orl-ks.org\/wp-content\/uploads\/2026\/04\/Foto-Ibrahim-Hizalan-250x250.jpg\" width=\"250\" height=\"250\" alt=\"Foto - Ibrahim Hizalan\" title=\"Foto - Ibrahim Hizalan\" loading=\"lazy\" \/><\/a>\n\t\t<\/figure>\n\t<\/div>\n\n\t<div class=\"wpb_text_column wpb_content_element\" >\n\t\t<div class=\"wpb_wrapper\">\n\t\t\t<p style=\"text-align: center;\"><span style=\"color: #000000;\"><a style=\"color: #000000;\" href=\"https:\/\/orl-ks.org\/sq\/prof-dr-ibrahim-hizalan\/\"><strong>Ibrahim Hizalan<\/strong><\/a><\/span><\/p>\n\n\t\t<\/div>\n\t<\/div>\n\n                <\/div>\n            <\/div>\n\t\t<\/div>\n<\/section>\n\n\n<section class=\"vc_row wpb_row vc_row-fluid\">\n\t\t<div class=\"row\">\n            <div class=\"wpb_column vc_column_container col-sm-3\">\n                <div class=\"wpb_wrapper\">\n\n\t<div  class=\"wpb_single_image wpb_content_element vc_align_left\">\n\t\t\n\t\t<figure class=\"wpb_wrapper vc_figure\">\n\t\t\t<a href=\"https:\/\/orl-ks.org\/sq\/prof-dr-mustafa-karabulut\/\" target=\"_self\" class=\"vc_single_image-wrapper   vc_box_border_grey\"><img decoding=\"async\" class=\"vc_single_image-img\" src=\"https:\/\/orl-ks.org\/wp-content\/uploads\/2026\/04\/Mustafa-Karabulut-photo-250x250.jpg\" width=\"250\" height=\"250\" alt=\"Mustafa Karabulut-photo\" title=\"Mustafa Karabulut-photo\" loading=\"lazy\" \/><\/a>\n\t\t<\/figure>\n\t<\/div>\n\n\t<div class=\"wpb_text_column wpb_content_element\" >\n\t\t<div class=\"wpb_wrapper\">\n\t\t\t<p style=\"text-align: center;\"><span style=\"color: #000000;\"><a style=\"color: #000000;\" href=\"https:\/\/orl-ks.org\/sq\/prof-dr-mustafa-karabulut\/\"><span style=\"color: #000000;\"><b>Mustafa Karabulut<\/b><\/span><\/a><\/span><\/p>\n\n\t\t<\/div>\n\t<\/div>\n\n                <\/div>\n            <\/div>\n            <div class=\"wpb_column vc_column_container col-sm-3\">\n                <div class=\"wpb_wrapper\">\n\n\t<div  class=\"wpb_single_image wpb_content_element vc_align_left\">\n\t\t\n\t\t<figure class=\"wpb_wrapper vc_figure\">\n\t\t\t<a href=\"https:\/\/orl-ks.org\/sq\/prof-dr-fikret-kasapoglu\/\" target=\"_self\" class=\"vc_single_image-wrapper   vc_box_border_grey\"><img decoding=\"async\" class=\"vc_single_image-img\" src=\"https:\/\/orl-ks.org\/wp-content\/uploads\/2026\/04\/Ekran-Resmi-e-Fikret-Kasapoglu-250x250.png\" width=\"250\" height=\"250\" alt=\"Ekran Resmi e Fikret Kasapoglu\" title=\"Ekran Resmi e Fikret Kasapoglu\" loading=\"lazy\" \/><\/a>\n\t\t<\/figure>\n\t<\/div>\n\n\t<div class=\"wpb_text_column wpb_content_element\" >\n\t\t<div class=\"wpb_wrapper\">\n\t\t\t<p style=\"text-align: center;\"><span style=\"color: #000000;\"><a style=\"color: #000000;\" href=\"https:\/\/orl-ks.org\/sq\/prof-dr-fikret-kasapoglu\/\"><span style=\"color: #000000;\"><b>Fikret Kasapo<strong>\u011f<\/strong>lu<\/b><\/span><\/a><\/span><\/p>\n\n\t\t<\/div>\n\t<\/div>\n\n                <\/div>\n            <\/div>\n            <div class=\"wpb_column vc_column_container col-sm-3\">\n                <div class=\"wpb_wrapper\">\n\n\t<div  class=\"wpb_single_image wpb_content_element vc_align_left\">\n\t\t\n\t\t<figure class=\"wpb_wrapper vc_figure\">\n\t\t\t<a href=\"https:\/\/orl-ks.org\/sq\/prof-gheorghe-muhlfay-md-phd\/\" target=\"_self\" class=\"vc_single_image-wrapper   vc_box_border_grey\"><img decoding=\"async\" class=\"vc_single_image-img\" src=\"https:\/\/orl-ks.org\/wp-content\/uploads\/2026\/04\/gheorghe-mulfay-250x250.jpg\" width=\"250\" height=\"250\" alt=\"gheorghe mulfay\" title=\"gheorghe mulfay\" loading=\"lazy\" \/><\/a>\n\t\t<\/figure>\n\t<\/div>\n\n\t<div class=\"wpb_text_column wpb_content_element\" >\n\t\t<div class=\"wpb_wrapper\">\n\t\t\t<p style=\"text-align: center;\"><span style=\"color: #000000;\"><a style=\"color: #000000;\" href=\"https:\/\/orl-ks.org\/sq\/prof-gheorghe-muhlfay-md-phd\/\"><strong>Gheorghe M\u00fchlfay<\/strong><\/a><\/span><\/p>\n\n\t\t<\/div>\n\t<\/div>\n\n                <\/div>\n            <\/div>\n            <div class=\"wpb_column vc_column_container col-sm-3\">\n                <div class=\"wpb_wrapper\">\n\n\t<div  class=\"wpb_single_image wpb_content_element vc_align_left\">\n\t\t\n\t\t<figure class=\"wpb_wrapper vc_figure\">\n\t\t\t<a href=\"https:\/\/orl-ks.org\/sq\/prof-dr-metin-onerci-m-d\/\" target=\"_self\" class=\"vc_single_image-wrapper   vc_box_border_grey\"><img decoding=\"async\" class=\"vc_single_image-img\" src=\"https:\/\/orl-ks.org\/wp-content\/uploads\/2026\/04\/Metin-Onerci-250x250.jpg\" width=\"250\" height=\"250\" alt=\"Metin Onerci\" title=\"Metin Onerci\" loading=\"lazy\" \/><\/a>\n\t\t<\/figure>\n\t<\/div>\n\n\t<div class=\"wpb_text_column wpb_content_element\" >\n\t\t<div class=\"wpb_wrapper\">\n\t\t\t<p style=\"text-align: center;\"><span style=\"color: #000000;\"><a style=\"color: #000000;\" href=\"https:\/\/orl-ks.org\/sq\/prof-dr-metin-onerci-m-d\/\"><strong>Metin Onerci<\/strong><\/a><\/span><\/p>\n\n\t\t<\/div>\n\t<\/div>\n\n                <\/div>\n            <\/div>\n\t\t<\/div>\n<\/section>\n\n\n<section class=\"vc_row wpb_row vc_row-fluid\">\n\t\t<div class=\"row\">\n            <div class=\"wpb_column vc_column_container col-sm-3\">\n                <div class=\"wpb_wrapper\">\n\n\t<div  class=\"wpb_single_image wpb_content_element vc_align_left\">\n\t\t\n\t\t<figure class=\"wpb_wrapper vc_figure\">\n\t\t\t<a href=\"https:\/\/orl-ks.org\/sq\/dr-suat-turgut\/\" target=\"_self\" class=\"vc_single_image-wrapper   vc_box_border_grey\"><img decoding=\"async\" class=\"vc_single_image-img\" src=\"https:\/\/orl-ks.org\/wp-content\/uploads\/2026\/04\/Suat-Turgut-foto-250x250.png\" width=\"250\" height=\"250\" alt=\"Suat Turgut foto\" title=\"Suat Turgut foto\" loading=\"lazy\" \/><\/a>\n\t\t<\/figure>\n\t<\/div>\n\n\t<div class=\"wpb_text_column wpb_content_element\" >\n\t\t<div class=\"wpb_wrapper\">\n\t\t\t<p style=\"text-align: center;\"><span style=\"color: #000000;\"><a style=\"color: #000000;\" href=\"https:\/\/orl-ks.org\/sq\/dr-suat-turgut\/\"><span style=\"color: #000000;\"><b>Suat Turgut<\/b><\/span><\/a><\/span><\/p>\n\n\t\t<\/div>\n\t<\/div>\n\n                <\/div>\n            <\/div>\n            <div class=\"wpb_column vc_column_container col-sm-3\">\n                <div class=\"wpb_wrapper\">\n\n\t<div  class=\"wpb_single_image wpb_content_element vc_align_left\">\n\t\t\n\t\t<figure class=\"wpb_wrapper vc_figure\">\n\t\t\t<a href=\"https:\/\/orl-ks.org\/sq\/prof-dr-meral-didem-turkyilmaz\/\" target=\"_self\" class=\"vc_single_image-wrapper   vc_box_border_grey\"><img decoding=\"async\" class=\"vc_single_image-img\" src=\"https:\/\/orl-ks.org\/wp-content\/uploads\/2026\/04\/Didem-Turkyilmaz-250x250.png\" width=\"250\" height=\"250\" alt=\"Didem Turkyilmaz\" title=\"Didem Turkyilmaz\" loading=\"lazy\" \/><\/a>\n\t\t<\/figure>\n\t<\/div>\n\n\t<div class=\"wpb_text_column wpb_content_element\" >\n\t\t<div class=\"wpb_wrapper\">\n\t\t\t<p style=\"text-align: center;\"><span style=\"color: #000000;\"><a style=\"color: #000000;\" href=\"https:\/\/orl-ks.org\/sq\/prof-dr-meral-didem-turkyilmaz\/\"><strong>Meral Didem T\u00fcrky\u0131lmaz<\/strong><\/a><\/span><\/p>\n\n\t\t<\/div>\n\t<\/div>\n\n                <\/div>\n            <\/div>\n            <div class=\"wpb_column vc_column_container col-sm-3\">\n                <div class=\"wpb_wrapper\">\n\n\t<div  class=\"wpb_single_image wpb_content_element vc_align_left\">\n\t\t\n\t\t<figure class=\"wpb_wrapper vc_figure\">\n\t\t\t<a href=\"https:\/\/orl-ks.org\/sq\/prof-dr-omer-faruk-unal\/\" target=\"_self\" class=\"vc_single_image-wrapper   vc_box_border_grey\"><img decoding=\"async\" class=\"vc_single_image-img\" src=\"https:\/\/orl-ks.org\/wp-content\/uploads\/2026\/04\/Faruk-Unal-250x250.jpg\" width=\"250\" height=\"250\" alt=\"Faruk Unal\" title=\"Faruk Unal\" loading=\"lazy\" \/><\/a>\n\t\t<\/figure>\n\t<\/div>\n\n\t<div class=\"wpb_text_column wpb_content_element\" >\n\t\t<div class=\"wpb_wrapper\">\n\t\t\t<p style=\"text-align: center;\"><span style=\"color: #000000;\"><a style=\"color: #000000;\" href=\"https:\/\/orl-ks.org\/sq\/prof-dr-omer-faruk-unal\/\"><strong>\u00d6mer Faruk \u00dcnal<\/strong><\/a><\/span><\/p>\n\n\t\t<\/div>\n\t<\/div>\n\n                <\/div>\n            <\/div>\n            <div class=\"wpb_column vc_column_container col-sm-3\">\n                <div class=\"wpb_wrapper\">\n\n\t<div  class=\"wpb_single_image wpb_content_element vc_align_left\">\n\t\t\n\t\t<figure class=\"wpb_wrapper vc_figure\">\n\t\t\t<a href=\"https:\/\/orl-ks.org\/sq\/prof-dr-alperen-vural\/\" target=\"_self\" class=\"vc_single_image-wrapper   vc_box_border_grey\"><img decoding=\"async\" class=\"vc_single_image-img\" src=\"https:\/\/orl-ks.org\/wp-content\/uploads\/2026\/04\/Alperen-Vural-Picture-250x250.jpeg\" width=\"250\" height=\"250\" alt=\"Alperen Vural Picture\" title=\"Alperen Vural Picture\" loading=\"lazy\" \/><\/a>\n\t\t<\/figure>\n\t<\/div>\n\n\t<div class=\"wpb_text_column wpb_content_element\" >\n\t\t<div class=\"wpb_wrapper\">\n\t\t\t<p style=\"text-align: center;\"><span style=\"color: #000000;\"><a style=\"color: #000000;\" href=\"https:\/\/orl-ks.org\/sq\/prof-dr-alperen-vural\/\"><strong>Alperen Vural<\/strong><\/a><\/span><\/p>\n\n\t\t<\/div>\n\t<\/div>\n\n                <\/div>\n            <\/div>\n\t\t<\/div>\n<\/section>\n\n\n<section class=\"vc_row wpb_row vc_row-fluid\">\n\t\t<div class=\"row\">\n            <div class=\"wpb_column vc_column_container col-sm-3\">\n                <div class=\"wpb_wrapper\">\n\n\t<div  class=\"wpb_single_image wpb_content_element vc_align_left\">\n\t\t\n\t\t<figure class=\"wpb_wrapper vc_figure\">\n\t\t\t<a href=\"https:\/\/orl-ks.org\/sq\/prof-ozgur-yigit-md\/\" target=\"_self\" class=\"vc_single_image-wrapper   vc_box_border_grey\"><img decoding=\"async\" class=\"vc_single_image-img\" src=\"https:\/\/orl-ks.org\/wp-content\/uploads\/2026\/04\/Ozgur-Yigit.png\" width=\"247\" height=\"245\" alt=\"\u00d6zg\u00fcr Yi\u011fit\" title=\"\u00d6zg\u00fcr Yi\u011fit\" loading=\"lazy\" \/><\/a>\n\t\t<\/figure>\n\t<\/div>\n\n\t<div class=\"wpb_text_column wpb_content_element\" >\n\t\t<div class=\"wpb_wrapper\">\n\t\t\t<p style=\"text-align: center;\"><span style=\"color: #000000;\"><a style=\"color: #000000;\" href=\"https:\/\/orl-ks.org\/sq\/prof-ozgur-yigit-md\/\"><strong>\u00d6zg\u00fcr Yi\u011fit<\/strong><\/a><\/span><\/p>\n\n\t\t<\/div>\n\t<\/div>\n\n                <\/div>\n            <\/div>\n            <div class=\"wpb_column vc_column_container col-sm-3\">\n                <div class=\"wpb_wrapper\">\n\n                <\/div>\n            <\/div>\n            <div class=\"wpb_column vc_column_container col-sm-3\">\n                <div class=\"wpb_wrapper\">\n\n                <\/div>\n            <\/div>\n            <div class=\"wpb_column vc_column_container col-sm-3\">\n                <div class=\"wpb_wrapper\">\n\n                <\/div>\n            <\/div>\n\t\t<\/div>\n<\/section>\n<\/div>","protected":false},"excerpt":{"rendered":"Rusmir Arslanagic Y\u0131ld\u0131r\u0131m A. Bayaz\u0131t Banu Atalay Erdo\u011fan Ibrahim Hizalan Mustafa Karabulut Fikret Kasapo\u011flu Gheorghe M\u00fchlfay Metin Onerci Suat Turgut Meral Didem T\u00fcrky\u0131lmaz \u00d6mer Faruk \u00dcnal Alperen Vural \u00d6zg\u00fcr Yi\u011fit","protected":false},"author":2,"featured_media":0,"parent":0,"menu_order":0,"comment_status":"closed","ping_status":"closed","template":"","meta":{"footnotes":""},"class_list":["post-861","page","type-page","status-publish","hentry"],"_links":{"self":[{"href":"https:\/\/orl-ks.org\/sq\/wp-json\/wp\/v2\/pages\/861","targetHints":{"allow":["GET"]}}],"collection":[{"href":"https:\/\/orl-ks.org\/sq\/wp-json\/wp\/v2\/pages"}],"about":[{"href":"https:\/\/orl-ks.org\/sq\/wp-json\/wp\/v2\/types\/page"}],"author":[{"embeddable":true,"href":"https:\/\/orl-ks.org\/sq\/wp-json\/wp\/v2\/users\/2"}],"replies":[{"embeddable":true,"href":"https:\/\/orl-ks.org\/sq\/wp-json\/wp\/v2\/comments?post=861"}],"version-history":[{"count":9,"href":"https:\/\/orl-ks.org\/sq\/wp-json\/wp\/v2\/pages\/861\/revisions"}],"predecessor-version":[{"id":909,"href":"https:\/\/orl-ks.org\/sq\/wp-json\/wp\/v2\/pages\/861\/revisions\/909"}],"wp:attachment":[{"href":"https:\/\/orl-ks.org\/sq\/wp-json\/wp\/v2\/media?parent=861"}],"curies":[{"name":"wp","href":"https:\/\/api.w.org\/{rel}","templated":true}]}}