{"id":858,"date":"2026-04-20T11:22:39","date_gmt":"2026-04-20T11:22:39","guid":{"rendered":"https:\/\/orl-ks.org\/?page_id=858"},"modified":"2026-04-20T11:27:59","modified_gmt":"2026-04-20T11:27:59","slug":"prof-yildirim-a-bayazit-md","status":"publish","type":"page","link":"https:\/\/orl-ks.org\/sq\/prof-yildirim-a-bayazit-md\/","title":{"rendered":"Prof Y\u0131ld\u0131r\u0131m A. Bayaz\u0131t, MD"},"content":{"rendered":"<div class=\"wpb-content-wrapper\">\n<section class=\"vc_row wpb_row vc_row-fluid\">\n\t\t<div class=\"row\">\n            <div class=\"wpb_column vc_column_container col-sm-3\">\n                <div class=\"wpb_wrapper\">\n\n\t<div  class=\"wpb_single_image wpb_content_element vc_align_left\">\n\t\t\n\t\t<figure class=\"wpb_wrapper vc_figure\">\n\t\t\t<div class=\"vc_single_image-wrapper   vc_box_border_grey\"><img loading=\"lazy\" decoding=\"async\" width=\"1024\" height=\"1024\" src=\"https:\/\/orl-ks.org\/wp-content\/uploads\/2026\/04\/Bayazit-Yildrim-1024x1024.jpg\" class=\"vc_single_image-img attachment-large\" alt=\"\" title=\"Bayazit Yildrim\" srcset=\"https:\/\/orl-ks.org\/wp-content\/uploads\/2026\/04\/Bayazit-Yildrim-1024x1024.jpg 1024w, https:\/\/orl-ks.org\/wp-content\/uploads\/2026\/04\/Bayazit-Yildrim-300x300.jpg 300w, https:\/\/orl-ks.org\/wp-content\/uploads\/2026\/04\/Bayazit-Yildrim-150x150.jpg 150w, https:\/\/orl-ks.org\/wp-content\/uploads\/2026\/04\/Bayazit-Yildrim-768x768.jpg 768w, https:\/\/orl-ks.org\/wp-content\/uploads\/2026\/04\/Bayazit-Yildrim-12x12.jpg 12w, https:\/\/orl-ks.org\/wp-content\/uploads\/2026\/04\/Bayazit-Yildrim.bmp 1200w\" sizes=\"auto, (max-width: 1024px) 100vw, 1024px\" \/><\/div>\n\t\t<\/figure>\n\t<\/div>\n\n                <\/div>\n            <\/div>\n            <div class=\"wpb_column vc_column_container col-sm-9\">\n                <div class=\"wpb_wrapper\">\n\n\t<div class=\"wpb_text_column wpb_content_element\" >\n\t\t<div class=\"wpb_wrapper\">\n\t\t\t<p><span style=\"color: #000080;\"><strong>Prof Y\u0131ld\u0131r\u0131m A. Bayaz\u0131t, MD<\/strong>, graduated from Hacettepe University, School of Medicine in 1992, and completed ENT residency training in Gazi University in 1996 in Ankara, Turkiye. He became assistant professor in 1999, and associate professor in 2002 in the department of otolaryngology, University of Gaziantep. <\/span><br \/>\n<span style=\"color: #000080;\">He worked as associate professor in the department of otolaryngology, Gazi University, Ankara between 2004-2007, and as a professor between 2007-2012.<\/span><br \/>\n<span style=\"color: #000080;\">In 2011-2013, he was the head and consultant of otology neurotology skull base unit in King Saud bin Abdulaziz University, National Guard Hospital, Riyadh, Saudi Arabia.<\/span><br \/>\n<span style=\"color: #000080;\">Between 2013 and 2023, he was the head of the department of otolaryngology, faculty of medicine, Istanbul Medipol University.<\/span><br \/>\n<span style=\"color: #000080;\">In 2024 he became the head of the department of otolaryngology, faculty of medicine, Istanbul Yeni Y\u00fczy\u0131l University.<\/span><br \/>\n<span style=\"color: #000080;\">Since 2005, he is working the department of otolaryngology, faculty of medicine, Istanbul University Cerrahpasa.<\/span><br \/>\n<span style=\"color: #000080;\">He has membership with numerous national and international professional societies, and established the International Cochlear Implant Society and Skull Base Society in the country. <\/span><br \/>\n<span style=\"color: #000080;\">He serves as an associate editor in the ORL-Journal for Otorhinolaryngology and Its Related Specialities (Karger), and as an editorial board member of Auris Nasus Larynx (Elsevier), Biomedicine Hub (Karger), European Archives of Otorhinolaryngology (Springer), <\/span><br \/>\n<span style=\"color: #000080;\">The Journal of International Advanced Otology.<\/span><\/p>\n\n\t\t<\/div>\n\t<\/div>\n\n                <\/div>\n            <\/div>\n\t\t<\/div>\n<\/section>\n\n\n<\/div>","protected":false},"excerpt":{"rendered":"Prof Y\u0131ld\u0131r\u0131m A. Bayaz\u0131t, MD, graduated from Hacettepe University, School of Medicine in 1992, and completed ENT residency training in Gazi University in 1996 in Ankara, Turkiye. He became assistant professor in 1999, and associate professor in 2002 in the department of otolaryngology, University of Gaziantep. He worked as associate professor in the department of [...]","protected":false},"author":2,"featured_media":0,"parent":0,"menu_order":0,"comment_status":"closed","ping_status":"closed","template":"","meta":{"footnotes":""},"class_list":["post-858","page","type-page","status-publish","hentry"],"_links":{"self":[{"href":"https:\/\/orl-ks.org\/sq\/wp-json\/wp\/v2\/pages\/858","targetHints":{"allow":["GET"]}}],"collection":[{"href":"https:\/\/orl-ks.org\/sq\/wp-json\/wp\/v2\/pages"}],"about":[{"href":"https:\/\/orl-ks.org\/sq\/wp-json\/wp\/v2\/types\/page"}],"author":[{"embeddable":true,"href":"https:\/\/orl-ks.org\/sq\/wp-json\/wp\/v2\/users\/2"}],"replies":[{"embeddable":true,"href":"https:\/\/orl-ks.org\/sq\/wp-json\/wp\/v2\/comments?post=858"}],"version-history":[{"count":2,"href":"https:\/\/orl-ks.org\/sq\/wp-json\/wp\/v2\/pages\/858\/revisions"}],"predecessor-version":[{"id":866,"href":"https:\/\/orl-ks.org\/sq\/wp-json\/wp\/v2\/pages\/858\/revisions\/866"}],"wp:attachment":[{"href":"https:\/\/orl-ks.org\/sq\/wp-json\/wp\/v2\/media?parent=858"}],"curies":[{"name":"wp","href":"https:\/\/api.w.org\/{rel}","templated":true}]}}