{"id":652,"date":"2025-12-06T19:28:27","date_gmt":"2025-12-06T19:28:27","guid":{"rendered":"https:\/\/orl-ks.org\/?page_id=652"},"modified":"2026-04-18T09:18:03","modified_gmt":"2026-04-18T09:18:03","slug":"history-of-the-ent-clinic-and-head-and-neck-surgery-in-kosova","status":"publish","type":"page","link":"https:\/\/orl-ks.org\/sq\/history-of-the-ent-clinic-and-head-and-neck-surgery-in-kosova\/","title":{"rendered":"Historia e klinik\u00ebs s\u00eb ORL dhe kirurgjis\u00eb s\u00eb kok\u00ebs dhe qaf\u00ebs n\u00eb Kosov\u00eb"},"content":{"rendered":"<div class=\"wpb-content-wrapper\">\n<section class=\"vc_row wpb_row vc_row-fluid\">\n\t\t<div class=\"row\">\n            <div class=\"wpb_column vc_column_container col-sm-12\">\n                <div class=\"wpb_wrapper\">\n\n\t<div  class=\"wpb_single_image wpb_content_element vc_align_left\">\n\t\t\n\t\t<figure class=\"wpb_wrapper vc_figure\">\n\t\t\t<div class=\"vc_single_image-wrapper   vc_box_border_grey\"><img loading=\"lazy\" decoding=\"async\" width=\"664\" height=\"939\" src=\"https:\/\/orl-ks.org\/wp-content\/uploads\/2025\/12\/monografia-ballina.png\" class=\"vc_single_image-img attachment-large\" alt=\"\" title=\"monografia - ballina\" srcset=\"https:\/\/orl-ks.org\/wp-content\/uploads\/2025\/12\/monografia-ballina.png 664w, https:\/\/orl-ks.org\/wp-content\/uploads\/2025\/12\/monografia-ballina-212x300.png 212w, https:\/\/orl-ks.org\/wp-content\/uploads\/2025\/12\/monografia-ballina-8x12.png 8w\" sizes=\"auto, (max-width: 664px) 100vw, 664px\" \/><\/div>\n\t\t<\/figure>\n\t<\/div>\n\n\t<div class=\"wpb_text_column wpb_content_element\" >\n\t\t<div class=\"wpb_wrapper\">\n\t\t\t<p>Klinika e ORL-s\u00eb dhe kirurgjia e kok\u00ebs dhe qaf\u00ebs e mori rolin e vet\u00eb sh\u00ebndetsor, edukativo- arsimor dhe shkencor n\u00eb vitin shkollor 1973 - 74, kur p\u00ebr s\u00eb pari her\u00eb u kyq n\u00eb realizimin e m\u00ebsimit teorik dhe praktik nga l\u00ebnda e Otorinolaringologjis\u00eb p\u00ebr student\u00ebt e vitit t\u00eb pest\u00eb t\u00eb gjenerat\u00ebs s\u00eb par\u00eb t\u00eb Fakultetit t\u00eb Mjek\u00ebsis\u00eb n\u00eb Prishtin\u00eb.<\/p>\n<p>Kuadri mjek\u00ebsor ishte i p\u00ebrb\u00ebr\u00eb nga 3 mjek\u00eb specialist\u00eb -ORL dhe nj\u00eb mjek n\u00eb specializim, kurse n\u00eb programin m\u00ebsimor ishin t\u00eb angazhuar Dr. Talat Pallaska si ligj\u00ebrues dhe Dr. Besim Sllamniku si asistent, kurse Dr. Dragolub Nikollovski ishte si asistent n\u00eb gjuh\u00ebn serbokroate.<\/p>\n<p>Klinika ishte e vendosur n\u00eb nj\u00eb pjes\u00eb t\u00eb repartit kirurgjik, n\u00eb katin e sip\u00ebrm t\u00eb klinik\u00ebs s\u00eb sotme kirurgjike, kurse ushtrimet mbaheshin n\u00eb koridor dhe n\u00eb kushte shum\u00eb t\u00eb v\u00ebshtira.<\/p>\n<p>Entuziazmi dhe angazhimi maksimal i kuadrit m\u00ebsimor dhe i vet\u00eb student\u00ebve b\u00ebri q\u00eb suksesi dhe rezultatet t\u00eb jen\u00eb t\u00eb nivelit t\u00eb lart\u00eb, dhe sot shumica e atyre student\u00ebve t\u00eb gjeneratave t\u00eb para jan\u00eb profesor\u00eb dhe kuad\u00ebr me nivel t\u00eb lart\u00eb profesional n\u00eb Fakultetin e Mjek\u00ebsis\u00eb dhe n\u00eb QKUK.<\/p>\n<p>Brenda nj\u00eb periudhe relativisht t\u00eb shkurt\u00ebr kuadri m\u00ebsimor i klinik\u00ebs ORL, duke qendruar dhe duke marr\u00eb p\u00ebrvojat edhe n\u00eb qendra tjera si p.sh. n\u00eb Karolinska Institute n\u00eb Stokholm, n\u00eb Tybinngen t\u00eb Gjermanis\u00eb, n\u00eb St. Luis t\u00eb SHBA - s\u00eb e tjera, arrin t\u00eb ngris\u00eb n\u00eb nivel shum\u00eb t\u00eb lart\u00eb pun\u00ebn profesionale n\u00eb klinik\u00ebn e ORL-s\u00eb.<\/p>\n<p>P.sh. qysh n\u00eb vitin 1974 Dr. Besim Sllamniku b\u00ebri laringectomin\u00eb e par\u00eb totale te i s\u00ebmuri \nme karcinom\u00eb t\u00eb laringut, kurse m\u00eb 1976 i njejti autor b\u00ebri laringektomin\u00eb e par\u00eb parciale funksionale, filloi aplikimi i mikrokirurgjis\u00eb s\u00eb veshit: timpanoplastika dhe stapedectomia e tjera, kurse sot k\u00ebto intervenime kirurgjikale jan\u00eb t\u00eb p\u00ebrditshme.<\/p>\n<p>Gjat\u00eb vitit 1977, Dr. Talat Pallaska mbron disertacionin dhe zgjidhet profesor inordinar, kurse Dr. Besim Sllamniku pas mbrojtjes s\u00eb doktoratur\u00ebs, gjat\u00eb t\u00eb nj\u00ebjtit vit zgjedhet docent nga l\u00ebnda e Otorinolaringologjis\u00eb.<\/p>\n<p>M\u00eb von\u00eb inkuadrohen si asistent\u00eb Dr. Refik Ramku, Dr. Hasan Jakupi, dhe Dr. Vahidin Haxhijaha. Pas transferimit t\u00eb klinik\u00ebs ORL n\u00eb nd\u00ebrtes\u00ebn e re n\u00eb muajin mars t\u00eb vitit 1983, u formuan kushte shum\u00eb m\u00eb t\u00eb mira p\u00ebr pun\u00eb.<\/p>\n<p>Klinika ka startuar pun\u00ebn me 100 shtret\u00ebr p\u00ebr pacienta t\u00eb vendosur n\u00eb 4 reparte: reparti i onkologjis\u00eb dhe laringologjis\u00eb, reparti i rinologjis\u00eb, reparti i otologjis\u00eb dhe reparti i ORL-s\u00eb f\u00ebmij\u00ebve, pastaj bllokun operativ, ambulancen specialistike me zyr\u00ebn e pranimit, sh\u00ebrbimi audiologjik me vestibulogji dhe sh\u00ebrbimin e defektologjis\u00eb.<\/p>\n<p>\u00cbsht\u00eb b\u00ebr\u00eb pranimi i kuadrit t\u00eb ri dhe perspektiv i cili p\u00ebrpos angazhimit prof\u00ebsional n\u00eb kryerjen e specializimit nga l\u00ebmia e ORL-s\u00eb t\u00eb cilin e kan\u00eb p\u00ebrfundar t\u00eb shumt\u00ebn n\u00eb qendrat klinike n\u00eb Zagreb, kan\u00eb mb\u00ebrri t\u00eb kryejn\u00eb studimet postdiplomike,t\u00eb magjistrojn\u00eb \u20ac m\u00eb von\u00eb t\u00eb mbrojn\u00eb edhe disertacionet e doktoratur\u00ebs dhe t\u00eb zgjidhen si kuad\u00ebr arsimor pran\u00eb lend\u00ebs s\u00eb ORL-s\u00eb. Sot ata jan\u00eb me tituj profesor\u00eb sic jan\u00eb Prof. Dr. Adem Liman dhe Prof. Dr. Qazim Hyseni.<\/p>\n<p>N\u00eb k\u00ebt\u00eb periudh\u00eb t\u00eb pun\u00ebs profesionale dhe edukativo-arsimore, klinika e ORL-s\u00eb ka pasur nj\u00eb renome t\u00eb lart\u00eb si n\u00eb nivel t\u00eb ish-Jugosllavis\u00eb ashtu edhe n\u00eb nivel t\u00eb qendrave bot\u00ebrore. P\u00ebr k\u00ebt\u00eb m\u00eb s\u00eb miri flasin faktet se kudri i Klinik\u00ebs son\u00eb ka arritur t\u00eb organizoj\u00eb tubime profesionale nga l\u00ebmia e ORL-s\u00eb duke filluar prej simpoziumeve dhe takimeve profesionale deri te kongreset e ORL-s\u00eb n\u00eb Prishtine, Brezovic\u00eb, Pej\u00eb, Prizren etj., si dhe t\u00eb prezentoj\u00eb t\u00eb arriturat e klinik\u00ebs n\u00eb simpoziumet dhe kongreset e organizuara n\u00eb qendrat tjera bot\u00ebrore.<\/p>\n<p>Katedra e ORL-s\u00eb ne Prishtin\u00eb n\u00eb bashk\u00ebpunim me katedr\u00ebn e ORL-s\u00eb Shallata nga Zagrebi, katedra e ORL n\u00eb Vinogradska \u201cSestre milosrdnice\u201d n\u00eb Zagreb dhe katedr\u00ebn e ORL-s\u00eb nga Rijeka ka botuar tekstin mesimor Otorinolaringologjia p\u00ebr student\u00eb t\u00eb Mjek\u00ebsis\u00eb dhe t\u00eb Stomatologjis\u00eb n\u00eb gjuh\u00ebn serbokroate, ku si koautor t\u00eb librit me tekstet e tyre jan\u00eb kyqur Prof.Dr. Talat Pallaska dhe Prof. Dr. Besim Sllamniku. N\u00eb vitin 1983 me angazhimin e t\u00ebr\u00eb kuadrit t\u00eb katedr\u00ebs \u00ebsht\u00eb perkthyer dhe botuar i nj\u00ebjti tekst edhe n\u00eb gjuh\u00ebn shqipe, tekst ky q\u00eb edhe soi sh\u00ebrben si teksi mesimor p\u00ebr student\u00ebt tan\u00eb.<\/p>\n<p>P\u00ebrveq tekstit t\u00eb lartpermendur, student\u00ebt kan\u00eb n\u00eb disponim edhe dy tekste t\u00eb Otorinolaringologjise, tekstin e Prof. Dr. Talat Pallask\u00ebs dhe tekstin e Prof. Dr. Adem \nLimanit me bashkpuntor\u00eb n\u00eb dy botime.<\/p>\n<p>Gjat\u00eb k\u00ebsaj periudhe kuadri yn\u00eb ka publikuar nj\u00eb num\u00ebr t\u00eb madh punimesh profesionale dhe shkencore n\u00eb shum\u00eb revista t\u00eb njohura vendore si \u00ebsht\u00eb PRAXIS MEDICA, n\u00eb botime t\u00eb simpoziumeve dhe kongreseve t\u00eb ndryshme, n\u00eb revista te qendrave tjera t\u00eb ish-Jugosllavis\u00eb si \u00ebsht\u00eb SYMPOSIA OTOLARYNGOLOGICA e Zagrebit, dhe n\u00eb revista te njohura bot\u00ebrore si jan\u00eb AMERICAN JOURNAL OF OTOLARYNGOLOGY dhe n\u00eb ARCHIVES OF OTOLARYNGOLOGY t\u00eb cilat punime jan\u00eb t\u00eb indeksuara n\u00eb Index Medicus dhe n\u00eb internet n\u00eb faqen elektronike t\u00eb NATIONAL LIBRARY OF MEDICINE t\u00eb njohur si www.pubmed.com k\u00ebrkimi i t\u00eb cilave mund t\u00eb b\u00ebhet n\u00eb inicialet e autorit Sllamniku B.<\/p>\n<p>P\u00ebrveq sukseve dhe t\u00eb arriturave, me keqardhje duhet t\u00eb flasim edhe p\u00ebr problemet dhe v\u00ebshtir\u00ebsit\u00eb q\u00eb kuadri arsimor i katedres s\u00eb ORL-s\u00eb sikurse edhe t\u00ebr\u00eb kuadri mjek\u00ebsor dhe arsimor n\u00eb nivel t\u00eb Fakultetit t\u00eb Mjek\u00ebsise dhe QKUK i ka p\u00ebsuar gjate periudh\u00ebs 1990 -1999.<\/p>\n<p>Nga dhuna e eg\u00ebr e represionit policor t\u00eb regjimit antishqiptar serb t\u00eb Beogradit, shumica e kuadrit jan\u00eb larguar nga puna dhe nga objektet e klinikave dhe instituteve tona, p\u00ebrveq nj\u00eb numri t\u00eb vog\u00ebl mjek\u00ebsh shqiptar\u00eb t\u00eb cil\u00ebt nuk i kan\u00eb larguar nga puna.<\/p>\n<p>Pasojat e k\u00ebsaj dhune jan\u00eb tep\u00ebr t\u00eb r\u00ebnda dhe t\u00eb dhembshme p\u00ebr t\u00ebr\u00eb kuadrin ton\u00eb, p\u00ebr t\u00ebr\u00eb popullat\u00ebn e Kosov\u00ebs, p\u00ebr shkak se gjat\u00eb k\u00ebsaj periudhe, jo vet\u00ebm q\u00eb kemi p\u00ebsuar n\u00eb aspektin profesional dhe edukativo-arsimor, por kemi p\u00ebsuar n\u00eb humbjen e jet\u00ebve t\u00eb mjek\u00ebve t\u00eb spikatur shqiptar\u00eb, kemi p\u00ebsuar vrasjen e mbi 10.000 viktimave t\u00eb pafajshme, t\u00eb moshave dhe gjinive t\u00eb ndryshme, t\u00eb cil\u00ebt fizikisht nuk jan\u00eb mes nesh, por kujtimi i tyre do t\u00eb jet\u00eb p\u00ebrher\u00eb n\u00eb zemrat tona, sidomos t\u00eb atyre q\u00eb me arm\u00eb n\u00eb dor\u00eb i rezistuan armikut t\u00eb eg\u00ebr dhe superior n\u00eb num\u00ebr dhe armatim.<\/p>\n<p>Sot, kat\u00ebr vite pas \u00e7lirimit t\u00eb Kosov\u00ebs nga forcat kriminele serbe, Klinika e ORL-s\u00eb, duke e ndar\u00eb fatin me t\u00ebr\u00eb sh\u00ebndetsin\u00eb kosovare, ka arrit\u00eb t\u00eb konsulidohet si n\u00eb aspektin e kuadrit, ku tani stafi i klinik\u00ebs \u00ebsht\u00eb i p\u00ebrber\u00eb nga 13 mjek\u00eb specialist\u00eb, prej tyre dy jan\u00eb profesor\u00eb ordinar\u00eb, dy profesor\u00eb inordinar\u00eb dhe nj\u00eb me titull asistent dhe magjist\u00ebr i shkencave mjek\u00ebsore, ashtu edhe n\u00eb aspektin e ngritjes s\u00eb nivelit profesional, te trajnimit t\u00eb mjek\u00ebve n\u00eb specializim dhe t\u00eb aplikimit t\u00eb metodave m\u00eb bashk\u00ebohore diagnostike dhe terapeutike.<\/p>\n<ul>\n<li><em>Marr\u00eb nga hyrja e shkruar nga Prof. Dr. Besim Sllmaniku n\u00eb librin \u201cMonografia e ORL-s\u00eb dhe HNS-s\u00eb n\u00eb Kosov\u00eb\u201d botuar n\u00eb vitin 2003.<\/em><\/li>\n<\/ul>\n\n\t\t<\/div>\n\t<\/div>\n\n                <\/div>\n            <\/div>\n\t\t<\/div>\n<\/section>\n\n\n<\/div>","protected":false},"excerpt":{"rendered":"The ENT and Head and Neck Surgery Clinic took on its own health, educational, and scientific role in the 1973-74 school year, when for the first time it was involved in the implementation of theoretical and practical teaching in the subject of Otorhinolaryngology for the fifth-year students of the first generation of the Faculty of [...]","protected":false},"author":2,"featured_media":0,"parent":0,"menu_order":0,"comment_status":"closed","ping_status":"closed","template":"","meta":{"footnotes":""},"class_list":["post-652","page","type-page","status-publish","hentry"],"_links":{"self":[{"href":"https:\/\/orl-ks.org\/sq\/wp-json\/wp\/v2\/pages\/652","targetHints":{"allow":["GET"]}}],"collection":[{"href":"https:\/\/orl-ks.org\/sq\/wp-json\/wp\/v2\/pages"}],"about":[{"href":"https:\/\/orl-ks.org\/sq\/wp-json\/wp\/v2\/types\/page"}],"author":[{"embeddable":true,"href":"https:\/\/orl-ks.org\/sq\/wp-json\/wp\/v2\/users\/2"}],"replies":[{"embeddable":true,"href":"https:\/\/orl-ks.org\/sq\/wp-json\/wp\/v2\/comments?post=652"}],"version-history":[{"count":8,"href":"https:\/\/orl-ks.org\/sq\/wp-json\/wp\/v2\/pages\/652\/revisions"}],"predecessor-version":[{"id":852,"href":"https:\/\/orl-ks.org\/sq\/wp-json\/wp\/v2\/pages\/652\/revisions\/852"}],"wp:attachment":[{"href":"https:\/\/orl-ks.org\/sq\/wp-json\/wp\/v2\/media?parent=652"}],"curies":[{"name":"wp","href":"https:\/\/api.w.org\/{rel}","templated":true}]}}