{"id":499,"date":"2025-07-08T10:03:11","date_gmt":"2025-07-08T10:03:11","guid":{"rendered":"https:\/\/orl-ks.org\/?page_id=499"},"modified":"2025-12-01T12:17:57","modified_gmt":"2025-12-01T12:17:57","slug":"about-us","status":"publish","type":"page","link":"https:\/\/orl-ks.org\/sq\/about-us\/","title":{"rendered":"Rreth nesh"},"content":{"rendered":"<h1><strong>Shoqata e Otorinolaringolog\u00ebve dhe Kirurg\u00ebve t\u00eb Kok\u00ebs dhe Qaf\u00ebs s\u00eb Kosov\u00ebs<\/strong><\/h1>\n<p>&nbsp;<\/p>\n<h4 style=\"text-align: left;\" data-start=\"107\" data-end=\"528\">Shoqata e Otorinolaringolog\u00ebve dhe Kirurg\u00ebve t\u00eb Kok\u00ebs dhe Qaf\u00ebs s\u00eb Kosov\u00ebs u themelua n\u00eb vitin 1974, fillimisht si pjes\u00eb e Shoqat\u00ebs s\u00eb ORL-s\u00eb t\u00eb ish-Jugosllavis\u00eb.<\/h4>\n<h4 style=\"text-align: left;\" data-start=\"107\" data-end=\"528\">Pas nj\u00eb riorganizimi n\u00eb vitin 2001, Shoqata hyri n\u00eb nj\u00eb faz\u00eb t\u00eb re zhvillimi dhe angazhimi rajonal. Q\u00eb nga viti 2003, ajo ka vazhduar t\u00eb marr\u00eb pjes\u00eb aktive n\u00eb ngjarjet e organizuara nga Shoqata Ballkanike e Otorinolaringologjis\u00eb, duke u b\u00ebr\u00eb an\u00ebtare e rregullt n\u00eb vitin 2008.<\/h4>\n<h4 style=\"text-align: left;\" data-start=\"530\" data-end=\"970\">Sot, Shoqata me krenari num\u00ebron rreth 100 an\u00ebtar\u00eb, duke p\u00ebrfshir\u00eb nj\u00eb gam\u00eb t\u00eb gjer\u00eb profesionist\u00ebsh t\u00eb p\u00ebrkushtuar p\u00ebr avancimin e fush\u00ebs. \n\nAjo ka organizuar ngjarje t\u00eb shumta shkencore komb\u00ebtare dhe rajonale, duke dh\u00ebn\u00eb kontribute t\u00eb r\u00ebnd\u00ebsishme n\u00eb edukimin dhe bashk\u00ebpunimin mjek\u00ebsor.<\/h4>\n<h4 style=\"text-align: left;\" data-start=\"530\" data-end=\"970\">Vlen t\u00eb p\u00ebrmendet se Shoqata \u00ebsht\u00eb partnerizuar me Shoqat\u00ebn Shqiptare t\u00eb ORL-s\u00eb \u201cBesim Zyma\u201d p\u00ebr t\u00eb organizuar aktivitete t\u00eb p\u00ebrbashk\u00ebta q\u00eb promovojn\u00eb bashk\u00ebpunimin p\u00ebrtej kufijve dhe shk\u00ebmbimin profesional.<\/h4>\n<h4 style=\"text-align: left;\" data-start=\"972\" data-end=\"1228\">N\u00eb Mbledhjen m\u00eb t\u00eb fundit t\u00eb Bordit, Shoqata mori vendimin e r\u00ebnd\u00ebsish\u00ebm p\u00ebr t\u00eb qen\u00eb nikoqire e Kongresit t\u00eb 14-t\u00eb Ballkanik t\u00eb ORL-HNS, duke reflektuar k\u00ebshtu lidershipin dhe angazhimin e saj t\u00eb vazhduesh\u00ebm p\u00ebr zhvillimin e otorinolaringologjis\u00eb dhe kirurgjis\u00eb s\u00eb kok\u00ebs dhe qaf\u00ebs n\u00eb rajon.<\/h4>","protected":false},"excerpt":{"rendered":"<p>Kosova Association of Otorhinolaryngologists and Head &amp; Neck Surgeons &nbsp; The Kosova Association of Otorhinolaryngology and Head &amp; Neck Surgery was founded in 1974, initially as part of the former Yugoslav ORL Association. Following a reorganization in 2001, the Association entered a new phase of development and regional engagement. Since 2003, it has maintained active [&hellip;]<\/p>","protected":false},"author":2,"featured_media":0,"parent":0,"menu_order":0,"comment_status":"closed","ping_status":"closed","template":"","meta":{"footnotes":""},"class_list":["post-499","page","type-page","status-publish","hentry"],"_links":{"self":[{"href":"https:\/\/orl-ks.org\/sq\/wp-json\/wp\/v2\/pages\/499","targetHints":{"allow":["GET"]}}],"collection":[{"href":"https:\/\/orl-ks.org\/sq\/wp-json\/wp\/v2\/pages"}],"about":[{"href":"https:\/\/orl-ks.org\/sq\/wp-json\/wp\/v2\/types\/page"}],"author":[{"embeddable":true,"href":"https:\/\/orl-ks.org\/sq\/wp-json\/wp\/v2\/users\/2"}],"replies":[{"embeddable":true,"href":"https:\/\/orl-ks.org\/sq\/wp-json\/wp\/v2\/comments?post=499"}],"version-history":[{"count":6,"href":"https:\/\/orl-ks.org\/sq\/wp-json\/wp\/v2\/pages\/499\/revisions"}],"predecessor-version":[{"id":643,"href":"https:\/\/orl-ks.org\/sq\/wp-json\/wp\/v2\/pages\/499\/revisions\/643"}],"wp:attachment":[{"href":"https:\/\/orl-ks.org\/sq\/wp-json\/wp\/v2\/media?parent=499"}],"curies":[{"name":"wp","href":"https:\/\/api.w.org\/{rel}","templated":true}]}}