{"id":276,"date":"2017-03-01T11:36:37","date_gmt":"2017-03-01T11:36:37","guid":{"rendered":"https:\/\/plethorathemes.com\/healthflex\/conference\/?page_id=6"},"modified":"2026-05-04T17:36:06","modified_gmt":"2026-05-04T17:36:06","slug":"home","status":"publish","type":"page","link":"https:\/\/orl-ks.org\/sq\/","title":{"rendered":"Ballina"},"content":{"rendered":"<div class=\"wpb-content-wrapper\"><section class=\"vc_row wpb_row vc_row-fluid no_padding no_cols_padding elevate folded_section transparent\">\n\t\t<div class=\"row\">\n            <div class=\"wpb_column vc_column_container col-sm-3 col-xs-6 skincolored_section\">\n                <div class=\"wpb_wrapper\">\n<!-- ========================== TEASER BOX ==========================-->\n<div class=\"teaser_box wpb_content_element text-center  transparent boxed same_height_col  with_button\">\n\n  <div class=\"figure transparent\">\n\n\n      <a href=\"#\" debug title=\"\" target=\"\"> \n\n        \n        \n        \n         <img decoding=\"async\" src=\"https:\/\/orl-ks.org\/wp-content\/uploads\/2017\/03\/CONFERENCE-HALL_w-1.png\" alt=\"Programme\">   \n\n        \n\n    <\/a>\n\n  <\/div>\n\n\n\n  <div class=\"content text-center   with_button\">\n    \n    <div class=\"hgroup\">\n       <h4 class=\"neutralize_links\">\n       Programi\n       <\/h4>\n       <p>Prezantimet &amp; Pun\u00ebtorit\u00eb<\/p> \n    <\/div>\n\n    \n\n    <div class=\"link centered\">\n        <a href=\"#\"  target=\"\" class=\"btn btn-xs btn-secondary\"><strong>More<\/strong><\/a>\n    <\/div>\n\n  <\/div>\n\n<\/div>\n\n<!-- END======================= TEASER BOX ==========================-->\n                <\/div>\n            <\/div>\n            <div class=\"wpb_column vc_column_container col-sm-3 col-xs-6 skincolored_section vc_custom_1447875610924\">\n                <div class=\"wpb_wrapper\">\n<!-- ========================== TEASER BOX ==========================-->\n<div class=\"teaser_box wpb_content_element text-center  transparent boxed same_height_col  with_button\">\n\n  <div class=\"figure transparent\">\n\n\n      <a href=\"https:\/\/orl-ks.org\/sq\/speakers-14th-balkan-congress-of-orl-hns\/\" debug title=\"\" target=\"\"> \n\n        \n        \n        \n         <img decoding=\"async\" src=\"https:\/\/orl-ks.org\/wp-content\/uploads\/2017\/03\/MANAGEMET_w-1.png\" alt=\"Speakers\">   \n\n        \n\n    <\/a>\n\n  <\/div>\n\n\n\n  <div class=\"content text-center   with_button\">\n    \n    <div class=\"hgroup\">\n       <h4 class=\"neutralize_links\">\n       Ligj\u00ebruesit\n       <\/h4>\n       <p>Njihuni me ligj\u00ebruesit tan\u00eb<\/p> \n    <\/div>\n\n    \n\n    <div class=\"link centered\">\n        <a href=\"https:\/\/orl-ks.org\/sq\/speakers-14th-balkan-congress-of-orl-hns\/\"  target=\"\" class=\"btn btn-xs btn-secondary\"><strong>More<\/strong><\/a>\n    <\/div>\n\n  <\/div>\n\n<\/div>\n\n<!-- END======================= TEASER BOX ==========================-->\n                <\/div>\n            <\/div>\n            <div class=\"wpb_column vc_column_container col-sm-3 col-xs-6 skincolored_section\">\n                <div class=\"wpb_wrapper\">\n<!-- ========================== TEASER BOX ==========================-->\n<div class=\"teaser_box wpb_content_element text-center  transparent boxed same_height_col  with_button\">\n\n  <div class=\"figure transparent\">\n\n\n      <a href=\"\/sq\/abstract-submission\/\" debug title=\"\" target=\"\"> \n\n        \n        \n        \n         <img decoding=\"async\" src=\"https:\/\/orl-ks.org\/wp-content\/uploads\/2017\/03\/CREATIVE-BRIEF_w-1.png\" alt=\"Submit Abstract\">   \n\n        \n\n    <\/a>\n\n  <\/div>\n\n\n\n  <div class=\"content text-center   with_button\">\n    \n    <div class=\"hgroup\">\n       <h4 class=\"neutralize_links\">\n       Dor\u00ebzimi i Abstraktit\n       <\/h4>\n       <p>Until May 10, 2026<\/p> \n    <\/div>\n\n    \n\n    <div class=\"link centered\">\n        <a href=\"\/sq\/abstract-submission\/\"  target=\"\" class=\"btn btn-xs btn-secondary\"><strong>More<\/strong><\/a>\n    <\/div>\n\n  <\/div>\n\n<\/div>\n\n<!-- END======================= TEASER BOX ==========================-->\n                <\/div>\n            <\/div>\n            <div class=\"wpb_column vc_column_container col-sm-3 col-xs-6 secondary_section vc_custom_1488913415051\">\n                <div class=\"wpb_wrapper\">\n<!-- ========================== TEASER BOX ==========================-->\n<div class=\"teaser_box wpb_content_element text-center  transparent boxed same_height_col  with_button\">\n\n  <div class=\"figure transparent\">\n\n\n      <a href=\"\/sq\/registration\/\" debug title=\"\" target=\"\"> \n\n        \n        \n        \n         <img decoding=\"async\" src=\"https:\/\/orl-ks.org\/wp-content\/uploads\/2017\/03\/COMMENT_w-1.png\" alt=\"Register Online\">   \n\n        \n\n    <\/a>\n\n  <\/div>\n\n\n\n  <div class=\"content text-center   with_button\">\n    \n    <div class=\"hgroup\">\n       <h4 class=\"neutralize_links\">\n       Regjistrohu Online\n       <\/h4>\n       <p>Thirr ose plot\u00ebso formularin<\/p> \n    <\/div>\n\n    \n\n    <div class=\"link centered\">\n        <a href=\"\/sq\/registration\/\"  target=\"\" class=\"btn btn-xs btn-secondary\"><strong>More<\/strong><\/a>\n    <\/div>\n\n  <\/div>\n\n<\/div>\n\n<!-- END======================= TEASER BOX ==========================-->\n                <\/div>\n            <\/div>\n\t\t<\/div>\n<\/section>\n\n\n<section class=\"vc_row wpb_row vc_row-fluid no_padding\">\n\t\t<div class=\"row\">\n            <div class=\"wpb_column vc_column_container col-sm-12\">\n                <div class=\"wpb_wrapper\">\n<div class=\"section_header subtitle_bottom   fancy text-left\">\n\n    <h1>Mir\u00eb se vini n\u00eb Kongresin e 14-t\u00eb Ballkanik t\u00eb ORL dhe HNS, 11-13 Qershor 2025, Hotel Emerald, Prishtin\u00eb, Kosov\u00eb<\/h1>\n\n\n        <p >Ne kemi nd\u00ebrtuar nj\u00eb marr\u00ebdh\u00ebnie t\u00eb q\u00ebndrueshme t\u00eb bazuar n\u00eb besim dhe bashk\u00ebpunim. Ky kongres \u00ebsht\u00eb  bashk\u00eborganizuar nga Shoqata e ORL-s\u00eb dhe Kirurg\u00ebve t\u00eb Kok\u00ebs dhe Qaf\u00ebs s\u00eb Kosov\u00ebs, Oda e Mjek\u00ebve t\u00eb Kosov\u00ebs, Konfederata Evropiane e ORL-s\u00eb dhe HNS-s\u00eb, dhe n\u00eb bashk\u00ebpunim me Shoqat\u00ebn Ballkanike t\u00eb Otorinolaringologjis\u00eb dhe Kirurgjis\u00eb s\u00eb Kok\u00ebs dhe Qaf\u00ebs.<\/p>\n<\/div>\n                <\/div>\n            <\/div>\n            <div class=\"wpb_column vc_column_container col-sm-8 margin_bottom_grid text-left\">\n                <div class=\"wpb_wrapper\">\n\n\t<div class=\"wpb_text_column wpb_content_element\" >\n\t\t<div class=\"wpb_wrapper\">\n\t\t\t\n\t\t<\/div>\n\t<\/div>\n<div class=\"vc_row wpb_row vc_inner vc_row-fluid vc_row-o-content-middle vc_row-flex\">            <div class=\"wpb_column vc_column_container col-sm-3\">\n                <div class=\"wpb_wrapper\">\n\n\t<div  class=\"wpb_single_image wpb_content_element vc_align_left\">\n\t\t\n\t\t<figure class=\"wpb_wrapper vc_figure\">\n\t\t\t<div class=\"vc_single_image-wrapper vc_box_circle  vc_box_border_grey\"><img loading=\"lazy\" decoding=\"async\" width=\"150\" height=\"150\" src=\"https:\/\/orl-ks.org\/wp-content\/uploads\/2025\/07\/Black-and-White-Simple-Notes-Document-150x150.png\" class=\"vc_single_image-img attachment-thumbnail\" alt=\"\" title=\"Black and White Simple Notes Document\" \/><\/div>\n\t\t<\/figure>\n\t<\/div>\n\n                <\/div>\n            <\/div>\n            <div class=\"wpb_column vc_column_container col-sm-9\">\n                <div class=\"wpb_wrapper\">\n\n\t<div class=\"wpb_text_column wpb_content_element\" >\n\t\t<div class=\"wpb_wrapper\">\n\t\t\t<p><strong>Dugagjin Spanca<\/strong><br \/>\n<em>Kryetar i Kongresit t\u00eb 14-t\u00eb Ballkanik t\u00eb ORL dhe KKQ<\/em><\/p>\n\n\t\t<\/div>\n\t<\/div>\n\n                <\/div>\n            <\/div>\n<\/div>\n\t<div class=\"wpb_text_column wpb_content_element\" >\n\t\t<div class=\"wpb_wrapper\">\n\t\t\t<p><strong>Ju lutemi vini re se p\u00ebr mjek\u00ebt e ORL-s\u00eb q\u00eb jan\u00eb an\u00ebtar\u00eb t\u00eb Od\u00ebs s\u00eb Mjek\u00ebve t\u00eb Kosov\u00ebs, nuk ka tarif\u00eb regjistrimi.<\/strong><\/p>\n\n\t\t<\/div>\n\t<\/div>\n\n                <\/div>\n            <\/div>\n            <div class=\"wpb_column vc_column_container col-sm-4 secondary_section boxed_plus text-left vc_custom_1488876667112\">\n                <div class=\"wpb_wrapper\">\n<div class=\"vc_separator wpb_content_element vc_separator_align_left vc_sep_width_100 vc_sep_pos_align_right vc_sep_color_black vc_separator-has-text\" ><span class=\"vc_sep_holder vc_sep_holder_l\"><span class=\"vc_sep_line\"><\/span><\/span><h4>DATA<\/h4><span class=\"vc_sep_holder vc_sep_holder_r\"><span class=\"vc_sep_line\"><\/span><\/span>\n<\/div>\n\t<div class=\"wpb_text_column wpb_content_element\" >\n\t\t<div class=\"wpb_wrapper\">\n\t\t\t<h4>11\u201313 Qershor 2026<\/h4>\n<p>(Enjte  - Shtun\u00eb)<\/p>\n\n\t\t<\/div>\n\t<\/div>\n<div class=\"vc_separator wpb_content_element vc_separator_align_left vc_sep_width_100 vc_sep_pos_align_right vc_sep_color_black vc_separator-has-text\" ><span class=\"vc_sep_holder vc_sep_holder_l\"><span class=\"vc_sep_line\"><\/span><\/span><h4>VENDI<\/h4><span class=\"vc_sep_holder vc_sep_holder_r\"><span class=\"vc_sep_line\"><\/span><\/span>\n<\/div>\n\t<div class=\"wpb_text_column wpb_content_element\" >\n\t\t<div class=\"wpb_wrapper\">\n\t\t\t<h4>Hotel Emerald, Prishtin\u00eb<\/h4>\n\n\t\t<\/div>\n\t<\/div>\n<div class=\"vc_separator wpb_content_element vc_separator_align_left vc_sep_width_100 vc_sep_pos_align_right vc_sep_color_black vc_separator-has-text\" ><span class=\"vc_sep_holder vc_sep_holder_l\"><span class=\"vc_sep_line\"><\/span><\/span><h4>Akreditimi CME<\/h4><span class=\"vc_sep_holder vc_sep_holder_r\"><span class=\"vc_sep_line\"><\/span><\/span>\n<\/div>\n\t<div class=\"wpb_text_column wpb_content_element\" >\n\t\t<div class=\"wpb_wrapper\">\n\t\t\t<p>Ky kongres \u00ebsht\u00eb i akredituar nga Oda e Mjek\u00ebve t\u00eb Kosov\u00ebs:<\/p>\n<p>LIGJ\u00cbRUESIT: 25 kredite CME<\/p>\n<p>PJES\u00cbMARR\u00cbSIT: 20 kredite CME<\/p>\n\n\t\t<\/div>\n\t<\/div>\n\n                <\/div>\n            <\/div>\n            <div class=\"wpb_column vc_column_container col-sm-12\">\n                <div class=\"wpb_wrapper\">\n\n\t<div  class=\"wpb_single_image wpb_content_element vc_align_center  wpb_animate_when_almost_visible wpb_fadeInUp fadeInUp vc_custom_1776413388937\">\n\t\t\n\t\t<figure class=\"wpb_wrapper vc_figure\">\n\t\t\t<div class=\"vc_single_image-wrapper   vc_box_border_grey\"><img loading=\"lazy\" decoding=\"async\" width=\"1414\" height=\"2000\" src=\"https:\/\/orl-ks.org\/wp-content\/uploads\/2026\/04\/njoftimi-per-abstrakte-5.png\" class=\"vc_single_image-img attachment-full\" alt=\"\" title=\"njoftimi per abstrakte (5)\" srcset=\"https:\/\/orl-ks.org\/wp-content\/uploads\/2026\/04\/njoftimi-per-abstrakte-5.png 1414w, https:\/\/orl-ks.org\/wp-content\/uploads\/2026\/04\/njoftimi-per-abstrakte-5-212x300.png 212w, https:\/\/orl-ks.org\/wp-content\/uploads\/2026\/04\/njoftimi-per-abstrakte-5-724x1024.png 724w, https:\/\/orl-ks.org\/wp-content\/uploads\/2026\/04\/njoftimi-per-abstrakte-5-768x1086.png 768w, https:\/\/orl-ks.org\/wp-content\/uploads\/2026\/04\/njoftimi-per-abstrakte-5-1086x1536.png 1086w, https:\/\/orl-ks.org\/wp-content\/uploads\/2026\/04\/njoftimi-per-abstrakte-5-8x12.png 8w\" sizes=\"auto, (max-width: 1414px) 100vw, 1414px\" \/><\/div>\n\t\t<\/figure>\n\t<\/div>\n\n\t<div  class=\"wpb_single_image wpb_content_element vc_align_center  wpb_animate_when_almost_visible wpb_fadeInUp fadeInUp vc_custom_1776413399971\">\n\t\t\n\t\t<figure class=\"wpb_wrapper vc_figure\">\n\t\t\t<div class=\"vc_single_image-wrapper   vc_box_border_grey\"><img loading=\"lazy\" decoding=\"async\" width=\"1414\" height=\"2000\" src=\"https:\/\/orl-ks.org\/wp-content\/uploads\/2026\/04\/Copy-of-Balkan-Congress-Flyer-1.png\" class=\"vc_single_image-img attachment-full\" alt=\"\" title=\"Copy of Balkan Congress Flyer (1)\" srcset=\"https:\/\/orl-ks.org\/wp-content\/uploads\/2026\/04\/Copy-of-Balkan-Congress-Flyer-1.png 1414w, https:\/\/orl-ks.org\/wp-content\/uploads\/2026\/04\/Copy-of-Balkan-Congress-Flyer-1-212x300.png 212w, https:\/\/orl-ks.org\/wp-content\/uploads\/2026\/04\/Copy-of-Balkan-Congress-Flyer-1-724x1024.png 724w, https:\/\/orl-ks.org\/wp-content\/uploads\/2026\/04\/Copy-of-Balkan-Congress-Flyer-1-768x1086.png 768w, https:\/\/orl-ks.org\/wp-content\/uploads\/2026\/04\/Copy-of-Balkan-Congress-Flyer-1-1086x1536.png 1086w, https:\/\/orl-ks.org\/wp-content\/uploads\/2026\/04\/Copy-of-Balkan-Congress-Flyer-1-8x12.png 8w\" sizes=\"auto, (max-width: 1414px) 100vw, 1414px\" \/><\/div>\n\t\t<\/figure>\n\t<\/div>\n\n\t<div  class=\"wpb_single_image wpb_content_element vc_align_center  wpb_animate_when_almost_visible wpb_fadeInUp fadeInUp vc_custom_1776413412911\">\n\t\t\n\t\t<figure class=\"wpb_wrapper vc_figure\">\n\t\t\t<div class=\"vc_single_image-wrapper   vc_box_border_grey\"><img loading=\"lazy\" decoding=\"async\" width=\"1414\" height=\"2000\" src=\"https:\/\/orl-ks.org\/wp-content\/uploads\/2026\/04\/Copy-of-Balkan-Congress-Flyer-2.png\" class=\"vc_single_image-img attachment-full\" alt=\"\" title=\"Copy of Balkan Congress Flyer (2)\" srcset=\"https:\/\/orl-ks.org\/wp-content\/uploads\/2026\/04\/Copy-of-Balkan-Congress-Flyer-2.png 1414w, https:\/\/orl-ks.org\/wp-content\/uploads\/2026\/04\/Copy-of-Balkan-Congress-Flyer-2-212x300.png 212w, https:\/\/orl-ks.org\/wp-content\/uploads\/2026\/04\/Copy-of-Balkan-Congress-Flyer-2-724x1024.png 724w, https:\/\/orl-ks.org\/wp-content\/uploads\/2026\/04\/Copy-of-Balkan-Congress-Flyer-2-768x1086.png 768w, https:\/\/orl-ks.org\/wp-content\/uploads\/2026\/04\/Copy-of-Balkan-Congress-Flyer-2-1086x1536.png 1086w, https:\/\/orl-ks.org\/wp-content\/uploads\/2026\/04\/Copy-of-Balkan-Congress-Flyer-2-8x12.png 8w\" sizes=\"auto, (max-width: 1414px) 100vw, 1414px\" \/><\/div>\n\t\t<\/figure>\n\t<\/div>\n\n                <\/div>\n            <\/div>\n\t\t<\/div>\n<\/section>\n\n\n<section class=\"vc_row wpb_row vc_row-fluid secondary_section separator_top sep_angled_positive_top separator_bottom sep_angled_positive_bottom vc_custom_1489141205328\">\n\t\t<div class=\"row\">\n            <div class=\"wpb_column vc_column_container col-sm-12\">\n                <div class=\"wpb_wrapper\">\n<div class=\"section_header subtitle_bottom   fancy text-center\">\n\n    <h2>Njihuni me ligj\u00ebruesit e Kongresit ton\u00eb<\/h2>\n<p><a href=\"https:\/\/orl-ks.org\/sq\/speakers-14th-balkan-congress-of-orl-hns\/\">https:\/\/orl-ks.org\/speakers-14th-balkan-congress-of-orl-hns\/<\/a><\/p>\n\n\n        <p >Do t\u00eb mbahen mbi 100 prezantime dhe disa pun\u00ebtori<\/p>\n<\/div><div class=\"vc_empty_space\"   style=\"height: 32px\"><span class=\"vc_empty_space_inner\"><\/span><\/div>\n                <\/div>\n            <\/div>\n\t\t<\/div>\n<\/section>\n\n\n<section style=\"background-image: url('https:\/\/orl-ks.org\/wp-content\/uploads\/2017\/03\/slide_2.jpeg')\" class=\"vc_row wpb_row vc_row-fluid black_section transparent_film bgimage parallax-window bg_vcenter\">\n\t\t<div class=\"row\">\n            <div class=\"wpb_column vc_column_container col-sm-12\">\n                <div class=\"wpb_wrapper\">\n<div class=\"section_header subtitle_bottom   fancy text-center\">\n\n    <h2>Tarifat e regjistrimit<\/h2>\n\n\n        <p >B\u00ebni regjistrimin tuaj m\u00eb her\u00ebt dhe p\u00ebrfitoni zbritje<\/p>\n<\/div>\n                <\/div>\n            <\/div>\n            <div class=\"wpb_column vc_column_container col-sm-4\">\n                <div class=\"wpb_wrapper\">\n<div class=\"pricing_plan secondary_section\">  \n\n\n  <div style=\"background-image:url(https:\/\/orl-ks.org\/wp-content\/themes\/healthflex\/features\/shortcode\/pricingplan\/GPlay.svg);\" class=\"plan_title secondary_section\">\n    <h3>On-site<\/h3>\n    <p>Tarifa e Regjistrimit Individual n\u00eb Euro<\/p>\n  <\/div>\n  <div class=\"the_price secondary_section\">200\/specialist<small>150\/specializant<\/small><\/div>\n  <div class=\"the_offerings\">\n   Tarifa e regjistrimit paguhet n\u00eb euro dhe mbulon pjes\u00ebmarrjen tuaj n\u00eb konferenc\u00eb, duke p\u00ebrfshir\u00eb drek\u00ebn bufe t\u00eb p\u00ebrditshme dhe pauzat p\u00ebr kafe.   <br \/> \n\n\n  <a href=\"https:\/\/orl-ks.org\/sq\/registration\/\" class=\"btn btn-warning with-icon icon-right\" title=\"\"  target=\"_self\">\n\n    Rregjistrohu\n\n     <i class=\"fa fa-caret-right\"><\/i>  \n\n  <\/a>\n\n\n  <\/div>\n\n<\/div><div class=\"pricing_plan dark_section   vc_custom_1777560262814\">  \n\n\n  <div style=\"background-image:url(https:\/\/orl-ks.org\/wp-content\/themes\/healthflex\/features\/shortcode\/pricingplan\/GPlay.svg);\" class=\"plan_title dark_section\">\n    <h3>P\u00ebr mjek\u00ebt e ORL-s\u00eb q\u00eb jan\u00eb an\u00ebtar\u00eb t\u00eb Od\u00ebs s\u00eb Mjek\u00ebve t\u00eb Kosov\u00ebs<\/h3>\n    <p>Regjistrimi \u00ebsht\u00eb pa pages\u00eb<\/p>\n  <\/div>\n  <div class=\"the_price dark_section\">Ju vet\u00ebm duhet t\u00eb plot\u00ebsoni formularin e regjistrimit:<small><\/small><\/div>\n  <div class=\"the_offerings\">\n  \n\n\n  <a href=\"https:\/\/orl-ks.org\/sq\/regjistrimi-per-anetaret-e-omk\/\" class=\"btn btn-warning with-icon icon-right\" title=\"\"  target=\"_self\">\n\n    Rregjistrohu\n\n     <i class=\"fa fa-caret-right\"><\/i>  \n\n  <\/a>\n\n\n  <\/div>\n\n<\/div>\n                <\/div>\n            <\/div>\n            <div class=\"wpb_column vc_column_container col-sm-4\">\n                <div class=\"wpb_wrapper\">\n<div class=\"pricing_plan skincolored_section\">  \n\n\n  <div style=\"background-image:url(https:\/\/orl-ks.org\/wp-content\/themes\/healthflex\/features\/shortcode\/pricingplan\/GPlay.svg);\" class=\"plan_title skincolored_section\">\n    <h3>Early bird - 24 Maj 2026<\/h3>\n    <p>Tarifa e Regjistrimit Individual n\u00eb Euro<\/p>\n  <\/div>\n  <div class=\"the_price skincolored_section\">150\/specialist<small>100\/specializant<\/small><\/div>\n  <div class=\"the_offerings\">\n   Tarifa e regjistrimit paguhet n\u00eb euro dhe mbulon pjes\u00ebmarrjen tuaj n\u00eb konferenc\u00eb, duke p\u00ebrfshir\u00eb drek\u00ebn bufe t\u00eb p\u00ebrditshme dhe pauzat p\u00ebr kafe.   <br \/> \n\n\n  <a href=\"https:\/\/orl-ks.org\/sq\/registration\/\" class=\"btn btn-secondary with-icon icon-right\" title=\"\"  target=\"_self\">\n\n    Rregjistrohu\n\n     <i class=\"fa fa-caret-right\"><\/i>  \n\n  <\/a>\n\n\n  <\/div>\n\n<\/div>\n                <\/div>\n            <\/div>\n            <div class=\"wpb_column vc_column_container col-sm-4\">\n                <div class=\"wpb_wrapper\">\n<div class=\"pricing_plan light_section\">  \n\n\n  <div style=\"background-image:url(https:\/\/orl-ks.org\/wp-content\/themes\/healthflex\/features\/shortcode\/pricingplan\/GPlay.svg);\" class=\"plan_title light_section\">\n    <h3>Grupore<\/h3>\n    <p><\/p>\n  <\/div>\n  <div class=\"the_price light_section\">P\u00ebr 5 persona + 1 regjistrim falas<small><\/small><\/div>\n  <div class=\"the_offerings\">\n   Tarifa e regjistrimit paguhet n\u00eb euro dhe mbulon pjes\u00ebmarrjen tuaj n\u00eb konferenc\u00eb, duke p\u00ebrfshir\u00eb drek\u00ebn bufe t\u00eb p\u00ebrditshme dhe pauzat p\u00ebr kafe.   <br \/> \n\n\n  <a href=\"https:\/\/orl-ks.org\/sq\/registration\/\" class=\"btn btn-success with-icon icon-right\" title=\"\"  target=\"_self\">\n\n    Rregjistrohu\n\n     <i class=\"fa fa-caret-right\"><\/i>  \n\n  <\/a>\n\n\n  <\/div>\n\n<\/div>\n                <\/div>\n            <\/div>\n            <div class=\"wpb_column vc_column_container col-sm-12 text-center\">\n                <div class=\"wpb_wrapper\">\n<div class=\"vc_empty_space\"   style=\"height: 16px\"><span class=\"vc_empty_space_inner\"><\/span><\/div>\n\t<div class=\"wpb_text_column wpb_content_element\" >\n\t\t<div class=\"wpb_wrapper\">\n\t\t\t<p>Ky kongres \u00ebsht\u00eb i akredituar nga Oda e Mjek\u00ebve t\u00eb Kosov\u00ebs:<\/p>\n<p>LIGJ\u00cbRUESIT: 25 kredite CME<\/p>\n<p>PJES\u00cbMARR\u00cbSIT: 20 kredite CME<\/p>\n\n\t\t<\/div>\n\t<\/div>\n\n                <\/div>\n            <\/div>\n\t\t<\/div>\n<\/section>\n<\/div>","protected":false},"excerpt":{"rendered":"Programme Presentations &amp; Workshops More Speakers Get to know our Speakers More Submit Abstract Until May 10, 2026 More Register Online Call us or fill in a form More Welcome to the 14th Balkan Congress of ORL &amp; HNS,\u00a0 \u00a0 \u00a0 \u00a0 \u00a0 \u00a0 \u00a0 11-13 June 2025, Emerald Hotel, Prishtina, Kosova We've built a [...]","protected":false},"author":4,"featured_media":0,"parent":0,"menu_order":0,"comment_status":"closed","ping_status":"closed","template":"","meta":{"footnotes":""},"class_list":["post-276","page","type-page","status-publish","hentry"],"_links":{"self":[{"href":"https:\/\/orl-ks.org\/sq\/wp-json\/wp\/v2\/pages\/276","targetHints":{"allow":["GET"]}}],"collection":[{"href":"https:\/\/orl-ks.org\/sq\/wp-json\/wp\/v2\/pages"}],"about":[{"href":"https:\/\/orl-ks.org\/sq\/wp-json\/wp\/v2\/types\/page"}],"author":[{"embeddable":true,"href":"https:\/\/orl-ks.org\/sq\/wp-json\/wp\/v2\/users\/4"}],"replies":[{"embeddable":true,"href":"https:\/\/orl-ks.org\/sq\/wp-json\/wp\/v2\/comments?post=276"}],"version-history":[{"count":63,"href":"https:\/\/orl-ks.org\/sq\/wp-json\/wp\/v2\/pages\/276\/revisions"}],"predecessor-version":[{"id":954,"href":"https:\/\/orl-ks.org\/sq\/wp-json\/wp\/v2\/pages\/276\/revisions\/954"}],"wp:attachment":[{"href":"https:\/\/orl-ks.org\/sq\/wp-json\/wp\/v2\/media?parent=276"}],"curies":[{"name":"wp","href":"https:\/\/api.w.org\/{rel}","templated":true}]}}