{"id":135,"date":"2017-03-08T08:39:14","date_gmt":"2017-03-08T08:39:14","guid":{"rendered":"https:\/\/plethorathemes.com\/healthflex\/conference\/?page_id=135"},"modified":"2026-04-17T08:32:20","modified_gmt":"2026-04-17T08:32:20","slug":"frequently-asked-questions","status":"publish","type":"page","link":"https:\/\/orl-ks.org\/sq\/frequently-asked-questions\/","title":{"rendered":"Pyetjet e shpeshta"},"content":{"rendered":"<div class=\"wpb-content-wrapper\">\n<section class=\"vc_row wpb_row vc_row-fluid\">\n\t\t<div class=\"row\">\n            <div class=\"wpb_column vc_column_container col-sm-12\">\n                <div class=\"wpb_wrapper\">\n<div class=\"vc_empty_space\"   style=\"height: 64px\"><span class=\"vc_empty_space_inner\"><\/span><\/div>\n                <\/div>\n            <\/div>\n            <div class=\"wpb_column vc_column_container col-sm-8 margin_bottom_grid\">\n                <div class=\"wpb_wrapper\">\n<div id=\"1447064451796-0645cbf1-8947\" class=\"vc_toggle vc_toggle_default vc_toggle_color_default  vc_toggle_size_md\"><div class=\"vc_toggle_title\"><h4>Kur mbahet Kongresi?<\/h4><i class=\"vc_toggle_icon\"><\/i><\/div><div class=\"vc_toggle_content\"><p>11 - 13 Qershor 2026<\/p>\n<\/div><\/div><div id=\"1447064341323-f6ee47d8-32bf\" class=\"vc_toggle vc_toggle_default vc_toggle_color_default  vc_toggle_size_md\"><div class=\"vc_toggle_title\"><h4>Si mund t\u00eb regjistrohem?<\/h4><i class=\"vc_toggle_icon\"><\/i><\/div><div class=\"vc_toggle_content\"><blockquote class=\"wp-embedded-content\" data-secret=\"q3Cb70sXSa\"><p>\n<a href=\"https:\/\/orl-ks.org\/sq\/registration\/\">Registration &#8211; 14th Balkan Congress of ORL &#038; HNS, Prishtina, 11-13 June 2026<\/a>\n<\/p><\/blockquote>\n<p><iframe loading=\"lazy\" class=\"wp-embedded-content\" sandbox=\"allow-scripts\" security=\"restricted\" style=\"position: absolute; visibility: hidden;\" title=\"&#8220;Registration &#8211; 14th Balkan Congress of ORL &#038; HNS, Prishtina, 11-13 June 2026&#8221; &#8212; PRISHTINA 2026\" src=\"https:\/\/orl-ks.org\/registration\/embed\/#?secret=BKjYdzYLnh#?secret=q3Cb70sXSa\" data-secret=\"q3Cb70sXSa\" width=\"500\" height=\"282\"  marginwidth=\"0\" marginheight=\"0\"><\/iframe><\/p>\n<\/div><\/div><div id=\"1447064412741-3e356338-032d\" class=\"vc_toggle vc_toggle_default vc_toggle_color_default  vc_toggle_size_md\"><div class=\"vc_toggle_title\"><h4>A duhet t\u00eb jem an\u00ebtar p\u00ebr t\u00eb marr\u00eb pjes\u00eb?<\/h4><i class=\"vc_toggle_icon\"><\/i><\/div><div class=\"vc_toggle_content\"><p>Jo. Kushdo q\u00eb \u00ebsht\u00eb i interesuar \u00ebsht\u00eb i mir\u00ebpritur t\u00eb marr\u00eb pjes\u00eb.<\/p>\n<\/div><\/div><div id=\"1447064507869-5e4ee3bd-a327\" class=\"vc_toggle vc_toggle_default vc_toggle_color_default  vc_toggle_size_md\"><div class=\"vc_toggle_title\"><h4>Si mund ta planifikoj udh\u00ebtimin tim p\u00ebr n\u00eb Prishtin\u00eb?<\/h4><i class=\"vc_toggle_icon\"><\/i><\/div><div class=\"vc_toggle_content\"><p>Ju lutemi kontaktoni agjencit\u00eb turistike n\u00eb vendin tuaj.<\/p>\n<p>Jemi t\u00eb gatsh\u00ebm t\u00eb ju ndihmojm\u00eb me \u00e7do gj\u00eb q\u00eb mundemi nga ana jon\u00eb.<\/p>\n<\/div><\/div><div id=\"1447064555113-315c72fb-176e\" class=\"vc_toggle vc_toggle_default vc_toggle_color_default  vc_toggle_size_md\"><div class=\"vc_toggle_title\"><h4>A mund t\u00eb rezervoj nj\u00eb dhom\u00eb me zbritje?<\/h4><i class=\"vc_toggle_icon\"><\/i><\/div><div class=\"vc_toggle_content\"><p>Po<\/p>\n<p>Mund t'i referoheni organizat\u00ebs dhe Kongresit ton\u00eb kur komunikoni me stafin e hotelit.<\/p>\n<\/div><\/div><div id=\"1447065558213-dca24fc1-47a1\" class=\"vc_toggle vc_toggle_default vc_toggle_color_default  vc_toggle_size_md\"><div class=\"vc_toggle_title\"><h4>\u00c7far\u00eb p\u00ebrfshin regjistrimi im?<\/h4><i class=\"vc_toggle_icon\"><\/i><\/div><div class=\"vc_toggle_content\"><p>Tarifa e regjistrimit paguhet n\u00eb euro dhe mbulon pjes\u00ebmarrjen tuaj n\u00eb konferenc\u00eb, duke p\u00ebrfshir\u00eb drek\u00ebn bufe t\u00eb p\u00ebrditshme dhe pauzat p\u00ebr kafe.<\/p>\n<\/div><\/div><div id=\"1447065583979-54e0b9c1-ae47\" class=\"vc_toggle vc_toggle_default vc_toggle_color_default  vc_toggle_size_md\"><div class=\"vc_toggle_title\"><h4>A do t\u00eb ket\u00eb pun\u00ebtori gjat\u00eb Kongresit?<\/h4><i class=\"vc_toggle_icon\"><\/i><\/div><div class=\"vc_toggle_content\"><p>Po, do t\u00eb ket\u00eb pun\u00ebtori.<\/p>\n<p>S\u00eb shpejti do ta publikojm\u00eb programin paraprak.<\/p>\n<\/div><\/div><div id=\"1447065607650-fbb48814-35d7\" class=\"vc_toggle vc_toggle_default vc_toggle_color_default  vc_toggle_size_md\"><div class=\"vc_toggle_title\"><h4>A mund t'i mbuloj\u00eb sponsori shpenzimet e mia?<\/h4><i class=\"vc_toggle_icon\"><\/i><\/div><div class=\"vc_toggle_content\"><p>Sigurisht q\u00eb mundet.<\/p>\n<\/div><\/div><div id=\"1447065710387-d413605d-104e\" class=\"vc_toggle vc_toggle_default vc_toggle_color_default  vc_toggle_size_md\"><div class=\"vc_toggle_title\"><h4>A ka mund\u00ebsi p\u00ebr parkimin e vetur\u00ebs?<\/h4><i class=\"vc_toggle_icon\"><\/i><\/div><div class=\"vc_toggle_content\"><p>Po<\/p>\n<p>Ekziston parking i mjaftuesh\u00ebm falas p\u00ebrpara dhe p\u00ebrreth Hotel Emerald.<\/p>\n<\/div><\/div>\n                <\/div>\n            <\/div>\n            <div class=\"wpb_column vc_column_container col-sm-4 secondary_section boxed vc_custom_1489743598092\">\n                <div class=\"wpb_wrapper\">\n<div class=\"vc_separator wpb_content_element vc_separator_align_left vc_sep_width_100 vc_sep_pos_align_right vc_sep_color_black vc_separator-has-text\" ><span class=\"vc_sep_holder vc_sep_holder_l\"><span class=\"vc_sep_line\"><\/span><\/span><h4>DATA<\/h4><span class=\"vc_sep_holder vc_sep_holder_r\"><span class=\"vc_sep_line\"><\/span><\/span>\n<\/div>\n\t<div class=\"wpb_text_column wpb_content_element\" >\n\t\t<div class=\"wpb_wrapper\">\n\t\t\t<h4>11\u201313 Qershor 2026<\/h4>\n<p>(Enjte  - Shtun\u00eb)<\/p>\n\n\t\t<\/div>\n\t<\/div>\n<div class=\"vc_separator wpb_content_element vc_separator_align_left vc_sep_width_100 vc_sep_pos_align_right vc_sep_color_black vc_separator-has-text\" ><span class=\"vc_sep_holder vc_sep_holder_l\"><span class=\"vc_sep_line\"><\/span><\/span><h4>VENDI<\/h4><span class=\"vc_sep_holder vc_sep_holder_r\"><span class=\"vc_sep_line\"><\/span><\/span>\n<\/div>\n\t<div class=\"wpb_text_column wpb_content_element\" >\n\t\t<div class=\"wpb_wrapper\">\n\t\t\t<h4>Hotel Emerald, Prishtin\u00eb<\/h4>\n\n\t\t<\/div>\n\t<\/div>\n<div class=\"vc_separator wpb_content_element vc_separator_align_left vc_sep_width_100 vc_sep_pos_align_right vc_sep_color_black vc_separator-has-text\" ><span class=\"vc_sep_holder vc_sep_holder_l\"><span class=\"vc_sep_line\"><\/span><\/span><h4>Akreditimi CME<\/h4><span class=\"vc_sep_holder vc_sep_holder_r\"><span class=\"vc_sep_line\"><\/span><\/span>\n<\/div>\n\t<div class=\"wpb_text_column wpb_content_element\" >\n\t\t<div class=\"wpb_wrapper\">\n\t\t\t<p>Ky kongres \u00ebsht\u00eb i akredituar nga Oda e Mjek\u00ebve t\u00eb Kosov\u00ebs:<\/p>\n<p>LIGJ\u00cbRUESIT: 25 kredite CME<\/p>\n<p>PJES\u00cbMARR\u00cbSIT: 20 kredite CME<\/p>\n\n\t\t<\/div>\n\t<\/div>\n\n                <\/div>\n            <\/div>\n\t\t<\/div>\n<\/section>\n\n\n<\/div>","protected":false},"excerpt":{"rendered":"When is the Congress held?June 11 &#8211; 13, 2026 How can I register? Registration &#8211; 14th Balkan Congress of ORL &#038; HNS, Prishtina, 11-13 June 2026 Do I need to be a member to participate?No. Anyone interested is welcome to participate. How can I plan my trip to Prishtina?Please contact travel agencies in your country. [...]","protected":false},"author":4,"featured_media":0,"parent":0,"menu_order":0,"comment_status":"closed","ping_status":"closed","template":"","meta":{"footnotes":""},"class_list":["post-135","page","type-page","status-publish","hentry"],"_links":{"self":[{"href":"https:\/\/orl-ks.org\/sq\/wp-json\/wp\/v2\/pages\/135","targetHints":{"allow":["GET"]}}],"collection":[{"href":"https:\/\/orl-ks.org\/sq\/wp-json\/wp\/v2\/pages"}],"about":[{"href":"https:\/\/orl-ks.org\/sq\/wp-json\/wp\/v2\/types\/page"}],"author":[{"embeddable":true,"href":"https:\/\/orl-ks.org\/sq\/wp-json\/wp\/v2\/users\/4"}],"replies":[{"embeddable":true,"href":"https:\/\/orl-ks.org\/sq\/wp-json\/wp\/v2\/comments?post=135"}],"version-history":[{"count":7,"href":"https:\/\/orl-ks.org\/sq\/wp-json\/wp\/v2\/pages\/135\/revisions"}],"predecessor-version":[{"id":851,"href":"https:\/\/orl-ks.org\/sq\/wp-json\/wp\/v2\/pages\/135\/revisions\/851"}],"wp:attachment":[{"href":"https:\/\/orl-ks.org\/sq\/wp-json\/wp\/v2\/media?parent=135"}],"curies":[{"name":"wp","href":"https:\/\/api.w.org\/{rel}","templated":true}]}}