{"id":112,"date":"2017-03-07T11:54:01","date_gmt":"2017-03-07T11:54:01","guid":{"rendered":"https:\/\/plethorathemes.com\/healthflex\/conference\/?page_id=112"},"modified":"2025-07-02T05:47:37","modified_gmt":"2025-07-02T05:47:37","slug":"accommodation","status":"publish","type":"page","link":"https:\/\/orl-ks.org\/sq\/accommodation\/","title":{"rendered":"Akomodimi"},"content":{"rendered":"<div class=\"wpb-content-wrapper\"><section class=\"vc_row wpb_row vc_row-fluid no_padding vcenter\">\n\t\t<div class=\"row\">\n            <div class=\"wpb_column vc_column_container col-sm-12\">\n                <div class=\"wpb_wrapper\">\n<div class=\"vc_empty_space\"   style=\"height: 64px\"><span class=\"vc_empty_space_inner\"><\/span><\/div>\n                <\/div>\n            <\/div>\n            <div class=\"wpb_column vc_column_container col-sm-6\">\n                <div class=\"wpb_wrapper\">\n\n\t<div  class=\"wpb_single_image wpb_content_element vc_align_left\">\n\t\t\n\t\t<figure class=\"wpb_wrapper vc_figure\">\n\t\t\t<div class=\"vc_single_image-wrapper   vc_box_border_grey\"><img loading=\"lazy\" decoding=\"async\" width=\"1024\" height=\"681\" src=\"https:\/\/orl-ks.org\/wp-content\/uploads\/2025\/07\/4r-1024x681-1.jpg\" class=\"vc_single_image-img attachment-full\" alt=\"\" title=\"4r-1024x681\" srcset=\"https:\/\/orl-ks.org\/wp-content\/uploads\/2025\/07\/4r-1024x681-1.jpg 1024w, https:\/\/orl-ks.org\/wp-content\/uploads\/2025\/07\/4r-1024x681-1-300x200.jpg 300w, https:\/\/orl-ks.org\/wp-content\/uploads\/2025\/07\/4r-1024x681-1-768x511.jpg 768w, https:\/\/orl-ks.org\/wp-content\/uploads\/2025\/07\/4r-1024x681-1-18x12.jpg 18w\" sizes=\"auto, (max-width: 1024px) 100vw, 1024px\" \/><\/div>\n\t\t<\/figure>\n\t<\/div>\n\n                <\/div>\n            <\/div>\n            <div class=\"wpb_column vc_column_container col-sm-6\">\n                <div class=\"wpb_wrapper\">\n\n\t<div class=\"wpb_text_column wpb_content_element\" >\n\t\t<div class=\"wpb_wrapper\">\n\t\t\t<h3>Hotel Emerald<\/h3>\n<p>Si hoteli i par\u00eb resort dhe hotel p\u00ebr konferenca n\u00eb Kosov\u00eb, hoteli Emerald kombinon eleganc\u00ebn me komponentat dhe sh\u00ebrbimet luksoze.<\/p>\n<p>Hotel Emerald ndodhet n\u00eb autostrad\u00ebn kryesore midis Prishtin\u00ebs dhe Shkupit, vet\u00ebm 10 minuta me vetur\u00eb nga qendra e Prishtin\u00ebs dhe 15 minuta nga Aeroporti Nd\u00ebrkomb\u00ebtar i Prishtin\u00ebs.<\/p>\n\n\t\t<\/div>\n\t<\/div>\n\n                <\/div>\n            <\/div>\n\t\t<\/div>\n<\/section>\n\n\n<section class=\"vc_row wpb_row vc_row-fluid no_padding vcenter\">\n\t\t<div class=\"row\">\n            <div class=\"wpb_column vc_column_container col-sm-12\">\n                <div class=\"wpb_wrapper\">\n<div class=\"vc_empty_space\"   style=\"height: 64px\"><span class=\"vc_empty_space_inner\"><\/span><\/div>\n                <\/div>\n            <\/div>\n            <div class=\"wpb_column vc_column_container col-sm-6\">\n                <div class=\"wpb_wrapper\">\n\n\t<div  class=\"wpb_single_image wpb_content_element vc_align_left\">\n\t\t\n\t\t<figure class=\"wpb_wrapper vc_figure\">\n\t\t\t<div class=\"vc_single_image-wrapper   vc_box_border_grey\"><img loading=\"lazy\" decoding=\"async\" width=\"790\" height=\"595\" src=\"https:\/\/orl-ks.org\/wp-content\/uploads\/2025\/07\/Screenshot-2025-07-01-113206.png\" class=\"vc_single_image-img attachment-full\" alt=\"\" title=\"Screenshot 2025-07-01 113206\" srcset=\"https:\/\/orl-ks.org\/wp-content\/uploads\/2025\/07\/Screenshot-2025-07-01-113206.png 790w, https:\/\/orl-ks.org\/wp-content\/uploads\/2025\/07\/Screenshot-2025-07-01-113206-300x226.png 300w, https:\/\/orl-ks.org\/wp-content\/uploads\/2025\/07\/Screenshot-2025-07-01-113206-768x578.png 768w, https:\/\/orl-ks.org\/wp-content\/uploads\/2025\/07\/Screenshot-2025-07-01-113206-16x12.png 16w\" sizes=\"auto, (max-width: 790px) 100vw, 790px\" \/><\/div>\n\t\t<\/figure>\n\t<\/div>\n\n                <\/div>\n            <\/div>\n            <div class=\"wpb_column vc_column_container col-sm-6\">\n                <div class=\"wpb_wrapper\">\n\n\t<div class=\"wpb_text_column wpb_content_element\" >\n\t\t<div class=\"wpb_wrapper\">\n\t\t\t<h3>Hotel unik n\u00eb Kosov\u00eb<\/h3>\n<p>Hotel Emerald \u00ebsht\u00eb unik si destinacion akomodimi, p\u00ebr takime dhe ushqim, me tre restorante dalluese, dy sallone dhe nj\u00eb SPA t\u00eb teknologjis\u00eb s\u00eb fundit me Qendr\u00ebn Sportive.<\/p>\n\n\t\t<\/div>\n\t<\/div>\n\n                <\/div>\n            <\/div>\n\t\t<\/div>\n<\/section>\n\n\n<section class=\"vc_row wpb_row vc_row-fluid no_top_padding vcenter\">\n\t\t<div class=\"row\">\n            <div class=\"wpb_column vc_column_container col-sm-12\">\n                <div class=\"wpb_wrapper\">\n<div class=\"vc_empty_space\"   style=\"height: 64px\"><span class=\"vc_empty_space_inner\"><\/span><\/div>\n                <\/div>\n            <\/div>\n            <div class=\"wpb_column vc_column_container col-sm-6\">\n                <div class=\"wpb_wrapper\">\n\n\t<div  class=\"wpb_single_image wpb_content_element vc_align_left\">\n\t\t\n\t\t<figure class=\"wpb_wrapper vc_figure\">\n\t\t\t<div class=\"vc_single_image-wrapper   vc_box_border_grey\"><img loading=\"lazy\" decoding=\"async\" width=\"1024\" height=\"683\" src=\"https:\/\/orl-ks.org\/wp-content\/uploads\/2025\/07\/IMG_2731_2_3-1024x683-1.jpg\" class=\"vc_single_image-img attachment-full\" alt=\"\" title=\"IMG_2731_2_3-1024x683\" srcset=\"https:\/\/orl-ks.org\/wp-content\/uploads\/2025\/07\/IMG_2731_2_3-1024x683-1.jpg 1024w, https:\/\/orl-ks.org\/wp-content\/uploads\/2025\/07\/IMG_2731_2_3-1024x683-1-300x200.jpg 300w, https:\/\/orl-ks.org\/wp-content\/uploads\/2025\/07\/IMG_2731_2_3-1024x683-1-768x512.jpg 768w, https:\/\/orl-ks.org\/wp-content\/uploads\/2025\/07\/IMG_2731_2_3-1024x683-1-18x12.jpg 18w\" sizes=\"auto, (max-width: 1024px) 100vw, 1024px\" \/><\/div>\n\t\t<\/figure>\n\t<\/div>\n\n                <\/div>\n            <\/div>\n            <div class=\"wpb_column vc_column_container col-sm-6\">\n                <div class=\"wpb_wrapper\">\n\n\t<div class=\"wpb_text_column wpb_content_element\" >\n\t\t<div class=\"wpb_wrapper\">\n\t\t\t<h3>Sh\u00ebrbim i shk\u00eblqyesh\u00ebm<\/h3>\n<p>Stafi i p\u00ebrkushtuar i hotelit \u00ebsht\u00eb i trajnuar p\u00ebr t'u kujdesur p\u00ebr \u00e7do nevoj\u00eb tuaj\u00ebn me v\u00ebmendje ndaj \u00e7do detaji. Ata ofrojn\u00eb nj\u00eb list\u00eb t\u00eb gjer\u00eb sh\u00ebrbimesh, akomodime t\u00eb bollshme n\u00eb hotel dhe staf profesional q\u00eb me siguri do t\u00eb p\u00ebrmbush\u00eb pritjet e \u00e7do udh\u00ebtari.<\/p>\n\n\t\t<\/div>\n\t<\/div>\n\n                <\/div>\n            <\/div>\n\t\t<\/div>\n<\/section>\n<\/div>","protected":false},"excerpt":{"rendered":"Emerald Hotel As the first Resort and Conference Hotel in Kosova, Emerald Hotel combines elegance with luxurious amenities and services. The Emerald Hotel is located on the main highway between Prishtina and Shkup, only a 10-minute drive from the center of Prishtina and 15-minutes from Prishtina International Airport. Unique in the country The Emerald Hotel [...]","protected":false},"author":4,"featured_media":0,"parent":0,"menu_order":0,"comment_status":"closed","ping_status":"closed","template":"","meta":{"footnotes":""},"class_list":["post-112","page","type-page","status-publish","hentry"],"_links":{"self":[{"href":"https:\/\/orl-ks.org\/sq\/wp-json\/wp\/v2\/pages\/112","targetHints":{"allow":["GET"]}}],"collection":[{"href":"https:\/\/orl-ks.org\/sq\/wp-json\/wp\/v2\/pages"}],"about":[{"href":"https:\/\/orl-ks.org\/sq\/wp-json\/wp\/v2\/types\/page"}],"author":[{"embeddable":true,"href":"https:\/\/orl-ks.org\/sq\/wp-json\/wp\/v2\/users\/4"}],"replies":[{"embeddable":true,"href":"https:\/\/orl-ks.org\/sq\/wp-json\/wp\/v2\/comments?post=112"}],"version-history":[{"count":6,"href":"https:\/\/orl-ks.org\/sq\/wp-json\/wp\/v2\/pages\/112\/revisions"}],"predecessor-version":[{"id":426,"href":"https:\/\/orl-ks.org\/sq\/wp-json\/wp\/v2\/pages\/112\/revisions\/426"}],"wp:attachment":[{"href":"https:\/\/orl-ks.org\/sq\/wp-json\/wp\/v2\/media?parent=112"}],"curies":[{"name":"wp","href":"https:\/\/api.w.org\/{rel}","templated":true}]}}