{"id":110,"date":"2017-03-07T11:53:25","date_gmt":"2017-03-07T11:53:25","guid":{"rendered":"https:\/\/plethorathemes.com\/healthflex\/conference\/?page_id=110"},"modified":"2025-07-01T19:18:54","modified_gmt":"2025-07-01T19:18:54","slug":"venue","status":"publish","type":"page","link":"https:\/\/orl-ks.org\/sq\/venue\/","title":{"rendered":"Hoteli"},"content":{"rendered":"<div class=\"wpb-content-wrapper\"><section class=\"vc_row wpb_row vc_row-fluid no_bottom_padding\">\n\t\t<div class=\"row\">\n            <div class=\"wpb_column vc_column_container col-sm-8 margin_bottom_grid text-left\">\n                <div class=\"wpb_wrapper\">\n\n\t<div class=\"wpb_text_column wpb_content_element\" >\n\t\t<div class=\"wpb_wrapper\">\n\t\t\t<div class=\"wpb_text_column wpb_content_element\">\n<div class=\"wpb_wrapper\">\n<p>Si hoteli i par\u00eb resort dhe hotel p\u00ebr konferenca n\u00eb Kosov\u00eb, hoteli Emerald kombinon eleganc\u00ebn me komponentat dhe sh\u00ebrbimet luksoze.<\/p>\n<p>The Emerald Hotel is located on the main highway between Prishtina and Shkup, only a 10-minute drive from the center of Pristina and 15 minutes from Pristina International Airport.<\/p>\n<p>Hotel Emerald \u00ebsht\u00eb unik si destinacion akomodimi, p\u00ebr takime dhe ushqim, me tre restorante dalluese, dy sallone dhe nj\u00eb SPA t\u00eb teknologjis\u00eb s\u00eb fundit me Qendr\u00ebn Sportive.<\/p>\n<p>Stafi i p\u00ebrkushtuar i hotelit \u00ebsht\u00eb i trajnuar p\u00ebr t'u kujdesur p\u00ebr \u00e7do nevoj\u00eb tuaj\u00ebn me v\u00ebmendje ndaj \u00e7do detaji. Ata ofrojn\u00eb nj\u00eb list\u00eb t\u00eb gjer\u00eb sh\u00ebrbimesh, akomodime t\u00eb bollshme n\u00eb hotel dhe staf profesional q\u00eb me siguri do t\u00eb p\u00ebrmbush\u00eb pritjet e \u00e7do udh\u00ebtari.<\/p>\n<\/div>\n<\/div>\n<div class=\"wpb_text_column wpb_content_element\">\n<div class=\"wpb_wrapper\"><\/div>\n<\/div>\n\n\t\t<\/div>\n\t<\/div>\n\n                <\/div>\n            <\/div>\n            <div class=\"wpb_column vc_column_container col-sm-4 secondary_section boxed_plus text-left\">\n                <div class=\"wpb_wrapper\">\n\n\t<div  class=\"wpb_single_image wpb_content_element vc_align_left\">\n\t\t\n\t\t<figure class=\"wpb_wrapper vc_figure\">\n\t\t\t<a class=\"\" data-lightbox=\"lightbox[rel-110-1037594098]\" href=\"https:\/\/orl-ks.org\/wp-content\/uploads\/2025\/07\/177065936.jpg\" target=\"_self\"><img loading=\"lazy\" decoding=\"async\" width=\"1024\" height=\"683\" src=\"https:\/\/orl-ks.org\/wp-content\/uploads\/2025\/07\/177065936.jpg\" class=\"vc_single_image-img attachment-full\" alt=\"\" title=\"177065936\" srcset=\"https:\/\/orl-ks.org\/wp-content\/uploads\/2025\/07\/177065936.jpg 1024w, https:\/\/orl-ks.org\/wp-content\/uploads\/2025\/07\/177065936-300x200.jpg 300w, https:\/\/orl-ks.org\/wp-content\/uploads\/2025\/07\/177065936-768x512.jpg 768w, https:\/\/orl-ks.org\/wp-content\/uploads\/2025\/07\/177065936-18x12.jpg 18w\" sizes=\"auto, (max-width: 1024px) 100vw, 1024px\" \/><\/a>\n\t\t<\/figure>\n\t<\/div>\n<div class=\"vc_separator wpb_content_element vc_separator_align_left vc_sep_width_100 vc_sep_pos_align_right vc_sep_color_black vc_separator-has-text\" ><span class=\"vc_sep_holder vc_sep_holder_l\"><span class=\"vc_sep_line\"><\/span><\/span><h4>VENDI<\/h4><span class=\"vc_sep_holder vc_sep_holder_r\"><span class=\"vc_sep_line\"><\/span><\/span>\n<\/div>\n\t<div class=\"wpb_text_column wpb_content_element\" >\n\t\t<div class=\"wpb_wrapper\">\n\t\t\t<h4>Hotel Emerald, Prishtin\u00eb<\/h4>\n\n\t\t<\/div>\n\t<\/div>\n<div class=\"vc_separator wpb_content_element vc_separator_align_left vc_sep_width_100 vc_sep_pos_align_right vc_sep_color_black vc_separator-has-text\" ><span class=\"vc_sep_holder vc_sep_holder_l\"><span class=\"vc_sep_line\"><\/span><\/span><h4>Adresa<\/h4><span class=\"vc_sep_holder vc_sep_holder_r\"><span class=\"vc_sep_line\"><\/span><\/span>\n<\/div>\n\t<div class=\"wpb_text_column wpb_content_element\" >\n\t\t<div class=\"wpb_wrapper\">\n\t\t\t<p>Magjistralja Prishtin\u00eb &#8211; Ferizaj, km. i 5-t\u00eb, Prishtin\u00eb 10000 Kosov\u00eb<\/p>\n<p>&nbsp;<\/p>\n<p><blockquote class=\"wp-embedded-content\" data-secret=\"nWCJGO4AbG\"><a href=\"https:\/\/emeraldhotel.info\/about-us\/\">Rreth nesh<\/a><\/blockquote><iframe loading=\"lazy\" class=\"wp-embedded-content\" sandbox=\"allow-scripts\" security=\"restricted\" style=\"position: absolute; visibility: hidden;\" title=\"&#8220;About us&#8221; &#8212; Hotel Emerald\" src=\"https:\/\/emeraldhotel.info\/about-us\/embed\/#?secret=OYrjeimNCZ#?secret=nWCJGO4AbG\" data-secret=\"nWCJGO4AbG\" width=\"500\" height=\"282\"  marginwidth=\"0\" marginheight=\"0\"><\/iframe><\/p>\n\n\t\t<\/div>\n\t<\/div>\n\n                <\/div>\n            <\/div>\n\t\t<\/div>\n<\/section>\n\n\n<section class=\"vc_row wpb_row vc_row-fluid no_padding\">\n\t\t<div class=\"row\">\n            <div class=\"wpb_column vc_column_container col-sm-12\">\n                <div class=\"wpb_wrapper\">\n\n\t<div  class=\"wpb_single_image wpb_content_element vc_align_center  wpb_animate_when_almost_visible wpb_fadeInUp fadeInUp vc_custom_1751363190675\">\n\t\t\n\t\t<figure class=\"wpb_wrapper vc_figure\">\n\t\t\t<div class=\"vc_single_image-wrapper   vc_box_border_grey\"><img loading=\"lazy\" decoding=\"async\" width=\"1024\" height=\"683\" src=\"https:\/\/orl-ks.org\/wp-content\/uploads\/2025\/07\/177065936.jpg\" class=\"vc_single_image-img attachment-full\" alt=\"\" title=\"177065936\" srcset=\"https:\/\/orl-ks.org\/wp-content\/uploads\/2025\/07\/177065936.jpg 1024w, https:\/\/orl-ks.org\/wp-content\/uploads\/2025\/07\/177065936-300x200.jpg 300w, https:\/\/orl-ks.org\/wp-content\/uploads\/2025\/07\/177065936-768x512.jpg 768w, https:\/\/orl-ks.org\/wp-content\/uploads\/2025\/07\/177065936-18x12.jpg 18w\" sizes=\"auto, (max-width: 1024px) 100vw, 1024px\" \/><\/div>\n\t\t<\/figure>\n\t<\/div>\n\n                <\/div>\n            <\/div>\n\t\t<\/div>\n<\/section>\n<\/div>","protected":false},"excerpt":{"rendered":"As the first Resort and Conference Hotel in Kosova, Emerald Hotel combines elegance with luxurious amenities and services. The Emerald Hotel is located on the main highway between Prishtina and Shkup, only a 10-minute drive from the center of Pristina and 15 minutes from Pristina International Airport. The Emerald Hotel is unique as an accommodation, [...]","protected":false},"author":4,"featured_media":0,"parent":0,"menu_order":0,"comment_status":"closed","ping_status":"closed","template":"","meta":{"footnotes":""},"class_list":["post-110","page","type-page","status-publish","hentry"],"_links":{"self":[{"href":"https:\/\/orl-ks.org\/sq\/wp-json\/wp\/v2\/pages\/110","targetHints":{"allow":["GET"]}}],"collection":[{"href":"https:\/\/orl-ks.org\/sq\/wp-json\/wp\/v2\/pages"}],"about":[{"href":"https:\/\/orl-ks.org\/sq\/wp-json\/wp\/v2\/types\/page"}],"author":[{"embeddable":true,"href":"https:\/\/orl-ks.org\/sq\/wp-json\/wp\/v2\/users\/4"}],"replies":[{"embeddable":true,"href":"https:\/\/orl-ks.org\/sq\/wp-json\/wp\/v2\/comments?post=110"}],"version-history":[{"count":2,"href":"https:\/\/orl-ks.org\/sq\/wp-json\/wp\/v2\/pages\/110\/revisions"}],"predecessor-version":[{"id":431,"href":"https:\/\/orl-ks.org\/sq\/wp-json\/wp\/v2\/pages\/110\/revisions\/431"}],"wp:attachment":[{"href":"https:\/\/orl-ks.org\/sq\/wp-json\/wp\/v2\/media?parent=110"}],"curies":[{"name":"wp","href":"https:\/\/api.w.org\/{rel}","templated":true}]}}